{"id":9811,"date":"2025-08-12T17:01:22","date_gmt":"2025-08-12T17:01:22","guid":{"rendered":"https:\/\/distritopo.com\/?post_type=product&#038;p=9811"},"modified":"2025-12-17T12:16:12","modified_gmt":"2025-12-17T12:16:12","slug":"disenos-de-ceramica-juliana","status":"publish","type":"product","link":"https:\/\/distritopo.com\/index.php\/producto\/disenos-de-ceramica-juliana\/","title":{"rendered":"F\u00e1brica de dise\u00f1os en cer\u00e1mica &#8211; Juliana"},"content":{"rendered":"","protected":false},"excerpt":{"rendered":"","protected":false},"featured_media":9812,"template":"","meta":{"_monsterinsights_skip_tracking":false,"_monsterinsights_sitenote_active":false,"_monsterinsights_sitenote_note":"","_monsterinsights_sitenote_category":0},"product_brand":[],"product_cat":[18],"product_tag":[1813,1814,269,74,26],"class_list":{"0":"post-9811","1":"product","2":"type-product","3":"status-publish","4":"has-post-thumbnail","6":"product_cat-jugueteria","7":"product_tag-ceramica","8":"product_tag-diseno","9":"product_tag-juegos","10":"product_tag-juegos-y-juguetes","11":"product_tag-juliana","13":"first","14":"outofstock","15":"shipping-taxable","16":"purchasable","17":"product-type-simple"},"aioseo_notices":[],"_links":{"self":[{"href":"https:\/\/distritopo.com\/index.php\/wp-json\/wp\/v2\/product\/9811","targetHints":{"allow":["GET"]}}],"collection":[{"href":"https:\/\/distritopo.com\/index.php\/wp-json\/wp\/v2\/product"}],"about":[{"href":"https:\/\/distritopo.com\/index.php\/wp-json\/wp\/v2\/types\/product"}],"wp:featuredmedia":[{"embeddable":true,"href":"https:\/\/distritopo.com\/index.php\/wp-json\/wp\/v2\/media\/9812"}],"wp:attachment":[{"href":"https:\/\/distritopo.com\/index.php\/wp-json\/wp\/v2\/media?parent=9811"}],"wp:term":[{"taxonomy":"product_brand","embeddable":true,"href":"https:\/\/distritopo.com\/index.php\/wp-json\/wp\/v2\/product_brand?post=9811"},{"taxonomy":"product_cat","embeddable":true,"href":"https:\/\/distritopo.com\/index.php\/wp-json\/wp\/v2\/product_cat?post=9811"},{"taxonomy":"product_tag","embeddable":true,"href":"https:\/\/distritopo.com\/index.php\/wp-json\/wp\/v2\/product_tag?post=9811"}],"curies":[{"name":"wp","href":"https:\/\/api.w.org\/{rel}","templated":true}]}}