{"id":9723,"date":"2025-08-11T19:10:45","date_gmt":"2025-08-11T19:10:45","guid":{"rendered":"https:\/\/distritopo.com\/?post_type=product&#038;p=9723"},"modified":"2025-08-11T19:14:07","modified_gmt":"2025-08-11T19:14:07","slug":"diario-intimo-de-chimola-cat","status":"publish","type":"product","link":"https:\/\/distritopo.com\/index.php\/producto\/diario-intimo-de-chimola-cat\/","title":{"rendered":"Diario Intimo de Chimola CAT"},"content":{"rendered":"<p><img fetchpriority=\"high\" decoding=\"async\" class=\"alignnone size-medium wp-image-9724\" src=\"https:\/\/distritopo.com\/wp-content\/uploads\/2025\/08\/123-300x291.png\" alt=\"\" width=\"300\" height=\"291\" srcset=\"https:\/\/distritopo.com\/wp-content\/uploads\/2025\/08\/123-300x291.png 300w, https:\/\/distritopo.com\/wp-content\/uploads\/2025\/08\/123-600x582.png 600w, https:\/\/distritopo.com\/wp-content\/uploads\/2025\/08\/123-50x50.png 50w, https:\/\/distritopo.com\/wp-content\/uploads\/2025\/08\/123-64x62.png 64w, https:\/\/distritopo.com\/wp-content\/uploads\/2025\/08\/123.png 739w\" sizes=\"(max-width: 300px) 100vw, 300px\" \/><\/p>\n<p>Tu mundo, tus reglas\u2026 \u00a1y bien guardado!\u00a0 Esta libreta es el diario \u00edntimo que so\u00f1abas: tapa de PU full color, personaje giratorio y candado con llaves para que solo vos puedas leer lo que escrib\u00eds. Con 128 p\u00e1ginas full color y 4 dise\u00f1os distintos en su interior, es el lugar ideal para volcar tus pensamientos, ideas, playlists secretas o crushes del momento.Formato pr\u00e1ctico de 13&#215;19 cm para llevarla siempre con vos, sin que nadie lo note. Disponible en los dise\u00f1os: Bear, Dog, Cat y BunnyPerfecta para escribir tu historia\u2026 \u00a1y cerrarla con llave!<\/p>\n<p>Ancho en cm: 13 Alto en cm: 28 Pofundidad en cm: 2.5<\/p>\n","protected":false},"excerpt":{"rendered":"<p>Tu mundo, tus reglas\u2026 \u00a1y bien guardado!\u00a0 Esta libreta es el diario \u00edntimo que so\u00f1abas: tapa de PU full color,&#8230;<\/p>\n","protected":false},"featured_media":9724,"template":"","meta":{"_monsterinsights_skip_tracking":false,"_monsterinsights_sitenote_active":false,"_monsterinsights_sitenote_note":"","_monsterinsights_sitenote_category":0},"product_brand":[],"product_cat":[19],"product_tag":[1806,660,1805],"class_list":{"0":"post-9723","1":"product","2":"type-product","3":"status-publish","4":"has-post-thumbnail","6":"product_cat-libreria","7":"product_tag-agenda","8":"product_tag-chimola","9":"product_tag-diario-intimo","11":"first","12":"instock","13":"shipping-taxable","14":"purchasable","15":"product-type-simple"},"aioseo_notices":[],"_links":{"self":[{"href":"https:\/\/distritopo.com\/index.php\/wp-json\/wp\/v2\/product\/9723","targetHints":{"allow":["GET"]}}],"collection":[{"href":"https:\/\/distritopo.com\/index.php\/wp-json\/wp\/v2\/product"}],"about":[{"href":"https:\/\/distritopo.com\/index.php\/wp-json\/wp\/v2\/types\/product"}],"wp:featuredmedia":[{"embeddable":true,"href":"https:\/\/distritopo.com\/index.php\/wp-json\/wp\/v2\/media\/9724"}],"wp:attachment":[{"href":"https:\/\/distritopo.com\/index.php\/wp-json\/wp\/v2\/media?parent=9723"}],"wp:term":[{"taxonomy":"product_brand","embeddable":true,"href":"https:\/\/distritopo.com\/index.php\/wp-json\/wp\/v2\/product_brand?post=9723"},{"taxonomy":"product_cat","embeddable":true,"href":"https:\/\/distritopo.com\/index.php\/wp-json\/wp\/v2\/product_cat?post=9723"},{"taxonomy":"product_tag","embeddable":true,"href":"https:\/\/distritopo.com\/index.php\/wp-json\/wp\/v2\/product_tag?post=9723"}],"curies":[{"name":"wp","href":"https:\/\/api.w.org\/{rel}","templated":true}]}}