{"id":9518,"date":"2025-04-29T12:51:17","date_gmt":"2025-04-29T12:51:17","guid":{"rendered":"https:\/\/distritopo.com\/?post_type=product&#038;p=9518"},"modified":"2026-04-08T19:02:09","modified_gmt":"2026-04-08T19:02:09","slug":"marcador-artistico-alloy-tonos-neutros-filgo","status":"publish","type":"product","link":"https:\/\/distritopo.com\/index.php\/producto\/marcador-artistico-alloy-tonos-neutros-filgo\/","title":{"rendered":"Marcador Art\u00edstico Alloy TONOS NEUTROS &#8211; FILGO"},"content":{"rendered":"<p>\u2022 Punta biselada 1-6 mm para trazos gruesos y rellenos<\/p>\n<p>\u2022 Punta redonda 1.0 mm para detalles<\/p>\n<p>\u2022 Tapas herm\u00e9ticas para evitar la volatilizaci\u00f3n o secado de la tinta<\/p>\n<p>\u2022 Tinta a base de alcohol altamente pigmentada de secado r\u00e1pido (puede mezclarse con blender)<\/p>\n<p>\u2022 Se recomienda usar papel a partir de 90grs para evitar manchado o traspaso de la tinta<\/p>\n<p>\u2022 Ideal para ilustraci\u00f3n, bocetos, dise\u00f1o y otras creaciones art\u00edsticas<\/p>\n","protected":false},"excerpt":{"rendered":"<p><em>Precio con IVA incluido<\/em><\/p>\n","protected":false},"featured_media":9677,"template":"","meta":{"_monsterinsights_skip_tracking":false,"_monsterinsights_sitenote_active":false,"_monsterinsights_sitenote_note":"","_monsterinsights_sitenote_category":0},"product_brand":[],"product_cat":[19],"product_tag":[1758,192,1759,1763],"class_list":{"0":"post-9518","1":"product","2":"type-product","3":"status-publish","4":"has-post-thumbnail","6":"product_cat-libreria","7":"product_tag-alloy","8":"product_tag-filgo","9":"product_tag-marcador-artistico","10":"product_tag-tonos-neutros","12":"first","13":"instock","14":"shipping-taxable","15":"purchasable","16":"product-type-simple"},"aioseo_notices":[],"_links":{"self":[{"href":"https:\/\/distritopo.com\/index.php\/wp-json\/wp\/v2\/product\/9518","targetHints":{"allow":["GET"]}}],"collection":[{"href":"https:\/\/distritopo.com\/index.php\/wp-json\/wp\/v2\/product"}],"about":[{"href":"https:\/\/distritopo.com\/index.php\/wp-json\/wp\/v2\/types\/product"}],"wp:featuredmedia":[{"embeddable":true,"href":"https:\/\/distritopo.com\/index.php\/wp-json\/wp\/v2\/media\/9677"}],"wp:attachment":[{"href":"https:\/\/distritopo.com\/index.php\/wp-json\/wp\/v2\/media?parent=9518"}],"wp:term":[{"taxonomy":"product_brand","embeddable":true,"href":"https:\/\/distritopo.com\/index.php\/wp-json\/wp\/v2\/product_brand?post=9518"},{"taxonomy":"product_cat","embeddable":true,"href":"https:\/\/distritopo.com\/index.php\/wp-json\/wp\/v2\/product_cat?post=9518"},{"taxonomy":"product_tag","embeddable":true,"href":"https:\/\/distritopo.com\/index.php\/wp-json\/wp\/v2\/product_tag?post=9518"}],"curies":[{"name":"wp","href":"https:\/\/api.w.org\/{rel}","templated":true}]}}