{"id":9464,"date":"2025-04-25T18:19:41","date_gmt":"2025-04-25T18:19:41","guid":{"rendered":"https:\/\/distritopo.com\/?post_type=product&#038;p=9464"},"modified":"2025-04-25T18:22:41","modified_gmt":"2025-04-25T18:22:41","slug":"cada-cosa-en-su-lugar-implas","status":"publish","type":"product","link":"https:\/\/distritopo.com\/index.php\/producto\/cada-cosa-en-su-lugar-implas\/","title":{"rendered":"Cada cosa en su lugar IMPLAS"},"content":{"rendered":"<p>Juego de encastre y asociaci\u00f3n, donde el ni\u00f1o aprende a formar grupos de elementos que tienen una tem\u00e1tica en com\u00fan.<\/p>\n<p>Edad: a partir de 3 a\u00f1os<br \/>\nParticipantes: de 1 a 4<\/p>\n","protected":false},"excerpt":{"rendered":"<p><em>Precio con IVA incluido<\/em><\/p>\n","protected":false},"featured_media":9465,"template":"","meta":{"_monsterinsights_skip_tracking":false,"_monsterinsights_sitenote_active":false,"_monsterinsights_sitenote_note":"","_monsterinsights_sitenote_category":0},"product_brand":[],"product_cat":[1725,18],"product_tag":[1742,1724,1726],"class_list":{"0":"post-9464","1":"product","2":"type-product","3":"status-publish","4":"has-post-thumbnail","6":"product_cat-didacticos","7":"product_cat-jugueteria","8":"product_tag-cada-cosa-en-su-lugar","9":"product_tag-implas","10":"product_tag-juego-didactico","12":"first","13":"instock","14":"shipping-taxable","15":"purchasable","16":"product-type-simple"},"aioseo_notices":[],"_links":{"self":[{"href":"https:\/\/distritopo.com\/index.php\/wp-json\/wp\/v2\/product\/9464","targetHints":{"allow":["GET"]}}],"collection":[{"href":"https:\/\/distritopo.com\/index.php\/wp-json\/wp\/v2\/product"}],"about":[{"href":"https:\/\/distritopo.com\/index.php\/wp-json\/wp\/v2\/types\/product"}],"wp:featuredmedia":[{"embeddable":true,"href":"https:\/\/distritopo.com\/index.php\/wp-json\/wp\/v2\/media\/9465"}],"wp:attachment":[{"href":"https:\/\/distritopo.com\/index.php\/wp-json\/wp\/v2\/media?parent=9464"}],"wp:term":[{"taxonomy":"product_brand","embeddable":true,"href":"https:\/\/distritopo.com\/index.php\/wp-json\/wp\/v2\/product_brand?post=9464"},{"taxonomy":"product_cat","embeddable":true,"href":"https:\/\/distritopo.com\/index.php\/wp-json\/wp\/v2\/product_cat?post=9464"},{"taxonomy":"product_tag","embeddable":true,"href":"https:\/\/distritopo.com\/index.php\/wp-json\/wp\/v2\/product_tag?post=9464"}],"curies":[{"name":"wp","href":"https:\/\/api.w.org\/{rel}","templated":true}]}}