{"id":9434,"date":"2025-04-25T16:35:52","date_gmt":"2025-04-25T16:35:52","guid":{"rendered":"https:\/\/distritopo.com\/?post_type=product&#038;p=9434"},"modified":"2025-04-25T16:49:24","modified_gmt":"2025-04-25T16:49:24","slug":"los-numeros-y-implas","status":"publish","type":"product","link":"https:\/\/distritopo.com\/index.php\/producto\/los-numeros-y-implas\/","title":{"rendered":"Los n\u00fameros (+ y -) IMPLAS"},"content":{"rendered":"<p>Un educativo y entretenido juego de encastre, que inicia al ni\u00f1o en la realizaci\u00f3n de operaciones matem\u00e1ticas de\u00a0<span style=\"color: #ff6600;\"><strong>sumas<\/strong><\/span>\u00a0y\u00a0<span style=\"color: #ff6600;\"><strong>restas<\/strong><\/span>.<\/p>\n<p><span style=\"color: #0000ff;\"><strong>Contiene<\/strong><\/span><\/p>\n<ul>\n<li>26 cartones<\/li>\n<li>28 n\u00fameros para encastrar<\/li>\n<\/ul>\n<p>Edad: a partir de 4 a\u00f1os<br \/>\nParticipantes: 1 o mas<\/p>\n","protected":false},"excerpt":{"rendered":"<p><em>Precio con IVA incluido<\/em><\/p>\n<p>&nbsp;<\/p>\n","protected":false},"featured_media":9435,"template":"","meta":{"_monsterinsights_skip_tracking":false,"_monsterinsights_sitenote_active":false,"_monsterinsights_sitenote_note":"","_monsterinsights_sitenote_category":0},"product_brand":[],"product_cat":[1725,18],"product_tag":[1724,64,281,1730],"class_list":{"0":"post-9434","1":"product","2":"type-product","3":"status-publish","4":"has-post-thumbnail","6":"product_cat-didacticos","7":"product_cat-jugueteria","8":"product_tag-implas","9":"product_tag-juego","10":"product_tag-juegos-didacticos","11":"product_tag-suma-y-resta","13":"first","14":"instock","15":"shipping-taxable","16":"purchasable","17":"product-type-simple"},"aioseo_notices":[],"_links":{"self":[{"href":"https:\/\/distritopo.com\/index.php\/wp-json\/wp\/v2\/product\/9434","targetHints":{"allow":["GET"]}}],"collection":[{"href":"https:\/\/distritopo.com\/index.php\/wp-json\/wp\/v2\/product"}],"about":[{"href":"https:\/\/distritopo.com\/index.php\/wp-json\/wp\/v2\/types\/product"}],"wp:featuredmedia":[{"embeddable":true,"href":"https:\/\/distritopo.com\/index.php\/wp-json\/wp\/v2\/media\/9435"}],"wp:attachment":[{"href":"https:\/\/distritopo.com\/index.php\/wp-json\/wp\/v2\/media?parent=9434"}],"wp:term":[{"taxonomy":"product_brand","embeddable":true,"href":"https:\/\/distritopo.com\/index.php\/wp-json\/wp\/v2\/product_brand?post=9434"},{"taxonomy":"product_cat","embeddable":true,"href":"https:\/\/distritopo.com\/index.php\/wp-json\/wp\/v2\/product_cat?post=9434"},{"taxonomy":"product_tag","embeddable":true,"href":"https:\/\/distritopo.com\/index.php\/wp-json\/wp\/v2\/product_tag?post=9434"}],"curies":[{"name":"wp","href":"https:\/\/api.w.org\/{rel}","templated":true}]}}