{"id":9431,"date":"2025-04-25T16:32:19","date_gmt":"2025-04-25T16:32:19","guid":{"rendered":"https:\/\/distritopo.com\/?post_type=product&#038;p=9431"},"modified":"2025-04-25T16:36:31","modified_gmt":"2025-04-25T16:36:31","slug":"multiplicacion-y-division-implas","status":"publish","type":"product","link":"https:\/\/distritopo.com\/index.php\/producto\/multiplicacion-y-division-implas\/","title":{"rendered":"Multiplicaci\u00f3n y Divisi\u00f3n IMPLAS"},"content":{"rendered":"<p><span style=\"color: #000000;\">Un educativo y entretenido juego de encastre, que inicia al ni\u00f1o en la realizaci\u00f3n de operaciones matem\u00e1ticas de <span style=\"color: #ff6600;\"><strong>multiplicaci\u00f3n<\/strong><\/span> y <strong><span style=\"color: #ff6600;\">divisi\u00f3n<\/span><\/strong>.<\/span><\/p>\n<p><span style=\"color: #0000ff;\"><strong>Contiene\u00a0<\/strong><\/span><\/p>\n<ul>\n<li>15 cartones<\/li>\n<li>28 n\u00fameros para encastrar<\/li>\n<\/ul>\n<p>Edad: a partir de 6 a\u00f1os<br \/>\nParticipantes: 1 o mas<\/p>\n","protected":false},"excerpt":{"rendered":"<p><em>Precio con IVA incluido<\/em><\/p>\n","protected":false},"featured_media":9433,"template":"","meta":{"_monsterinsights_skip_tracking":false,"_monsterinsights_sitenote_active":false,"_monsterinsights_sitenote_note":"","_monsterinsights_sitenote_category":0},"product_brand":[],"product_cat":[1725,18],"product_tag":[1729,1724,1726,1728,1727],"class_list":{"0":"post-9431","1":"product","2":"type-product","3":"status-publish","4":"has-post-thumbnail","6":"product_cat-didacticos","7":"product_cat-jugueteria","8":"product_tag-division","9":"product_tag-implas","10":"product_tag-juego-didactico","11":"product_tag-multiplicacion","12":"product_tag-multiplicacion-y-division","14":"first","15":"instock","16":"shipping-taxable","17":"purchasable","18":"product-type-simple"},"aioseo_notices":[],"_links":{"self":[{"href":"https:\/\/distritopo.com\/index.php\/wp-json\/wp\/v2\/product\/9431","targetHints":{"allow":["GET"]}}],"collection":[{"href":"https:\/\/distritopo.com\/index.php\/wp-json\/wp\/v2\/product"}],"about":[{"href":"https:\/\/distritopo.com\/index.php\/wp-json\/wp\/v2\/types\/product"}],"wp:featuredmedia":[{"embeddable":true,"href":"https:\/\/distritopo.com\/index.php\/wp-json\/wp\/v2\/media\/9433"}],"wp:attachment":[{"href":"https:\/\/distritopo.com\/index.php\/wp-json\/wp\/v2\/media?parent=9431"}],"wp:term":[{"taxonomy":"product_brand","embeddable":true,"href":"https:\/\/distritopo.com\/index.php\/wp-json\/wp\/v2\/product_brand?post=9431"},{"taxonomy":"product_cat","embeddable":true,"href":"https:\/\/distritopo.com\/index.php\/wp-json\/wp\/v2\/product_cat?post=9431"},{"taxonomy":"product_tag","embeddable":true,"href":"https:\/\/distritopo.com\/index.php\/wp-json\/wp\/v2\/product_tag?post=9431"}],"curies":[{"name":"wp","href":"https:\/\/api.w.org\/{rel}","templated":true}]}}