{"id":9241,"date":"2025-04-22T19:06:07","date_gmt":"2025-04-22T19:06:07","guid":{"rendered":"https:\/\/distritopo.com\/?post_type=product&#038;p=9241"},"modified":"2025-10-16T19:50:58","modified_gmt":"2025-10-16T19:50:58","slug":"silicona-liquida-100-ml-ezco","status":"publish","type":"product","link":"https:\/\/distritopo.com\/index.php\/producto\/silicona-liquida-100-ml-ezco\/","title":{"rendered":"Silicona L\u00edquida 100 ml &#8211; EZCO"},"content":{"rendered":"<p>Silicona l\u00edquida adhesiva transparente. Cierre herm\u00e9tico, ideal para manualidades, sin tolueno. Pega papel, cart\u00f3n, madera, espuma, goma eva, corcho, cuero, tela, poliestireno expandido, etc. No inhalar ni ingerir el contenido. Mantener fuera del alcance de los ni\u00f1os. Utilizar bajo supervisi\u00f3n de un adulto. Aplicar sobre superficies limpias y secas. No exponer al sol.<\/p>\n","protected":false},"excerpt":{"rendered":"<p><em>Precio con IVA incluido<\/em><\/p>\n","protected":false},"featured_media":9242,"template":"","meta":{"_monsterinsights_skip_tracking":false,"_monsterinsights_sitenote_active":false,"_monsterinsights_sitenote_note":"","_monsterinsights_sitenote_category":0},"product_brand":[],"product_cat":[19],"product_tag":[1668,134,167],"class_list":{"0":"post-9241","1":"product","2":"type-product","3":"status-publish","4":"has-post-thumbnail","6":"product_cat-libreria","7":"product_tag-100-ml","8":"product_tag-ezco","9":"product_tag-silicona-liquida","11":"first","12":"instock","13":"shipping-taxable","14":"purchasable","15":"product-type-simple"},"aioseo_notices":[],"_links":{"self":[{"href":"https:\/\/distritopo.com\/index.php\/wp-json\/wp\/v2\/product\/9241","targetHints":{"allow":["GET"]}}],"collection":[{"href":"https:\/\/distritopo.com\/index.php\/wp-json\/wp\/v2\/product"}],"about":[{"href":"https:\/\/distritopo.com\/index.php\/wp-json\/wp\/v2\/types\/product"}],"wp:featuredmedia":[{"embeddable":true,"href":"https:\/\/distritopo.com\/index.php\/wp-json\/wp\/v2\/media\/9242"}],"wp:attachment":[{"href":"https:\/\/distritopo.com\/index.php\/wp-json\/wp\/v2\/media?parent=9241"}],"wp:term":[{"taxonomy":"product_brand","embeddable":true,"href":"https:\/\/distritopo.com\/index.php\/wp-json\/wp\/v2\/product_brand?post=9241"},{"taxonomy":"product_cat","embeddable":true,"href":"https:\/\/distritopo.com\/index.php\/wp-json\/wp\/v2\/product_cat?post=9241"},{"taxonomy":"product_tag","embeddable":true,"href":"https:\/\/distritopo.com\/index.php\/wp-json\/wp\/v2\/product_tag?post=9241"}],"curies":[{"name":"wp","href":"https:\/\/api.w.org\/{rel}","templated":true}]}}