{"id":9234,"date":"2025-04-22T19:03:06","date_gmt":"2025-04-22T19:03:06","guid":{"rendered":"https:\/\/distritopo.com\/?post_type=product&#038;p=9234"},"modified":"2025-11-04T16:58:50","modified_gmt":"2025-11-04T16:58:50","slug":"barra-de-silicona-ezco","status":"publish","type":"product","link":"https:\/\/distritopo.com\/index.php\/producto\/barra-de-silicona-ezco\/","title":{"rendered":"Barra de silicona &#8211; EZCO"},"content":{"rendered":"<p>Adhesivo para aplicar con m\u00e1quinas el\u00e9ctricas, apto para manualidades, oficina y trabajos espec\u00edficos. Excelente calidad.<\/p>\n<ul>\n<li>Di\u00e1metro: 7,3 y 11 mm.<\/li>\n<li>Largo: 30 cm.<\/li>\n<\/ul>\n","protected":false},"excerpt":{"rendered":"<p><em>Precio con IVA incluido<\/em><\/p>\n","protected":false},"featured_media":9239,"template":"","meta":{"_monsterinsights_skip_tracking":false,"_monsterinsights_sitenote_active":false,"_monsterinsights_sitenote_note":"","_monsterinsights_sitenote_category":0},"product_brand":[],"product_cat":[19],"product_tag":[1667,134,165],"class_list":{"0":"post-9234","1":"product","2":"type-product","3":"status-publish","4":"has-post-thumbnail","6":"product_cat-libreria","7":"product_tag-barra","8":"product_tag-ezco","9":"product_tag-silicona","11":"first","12":"instock","13":"shipping-taxable","14":"purchasable","15":"product-type-variable"},"aioseo_notices":[],"_links":{"self":[{"href":"https:\/\/distritopo.com\/index.php\/wp-json\/wp\/v2\/product\/9234","targetHints":{"allow":["GET"]}}],"collection":[{"href":"https:\/\/distritopo.com\/index.php\/wp-json\/wp\/v2\/product"}],"about":[{"href":"https:\/\/distritopo.com\/index.php\/wp-json\/wp\/v2\/types\/product"}],"wp:featuredmedia":[{"embeddable":true,"href":"https:\/\/distritopo.com\/index.php\/wp-json\/wp\/v2\/media\/9239"}],"wp:attachment":[{"href":"https:\/\/distritopo.com\/index.php\/wp-json\/wp\/v2\/media?parent=9234"}],"wp:term":[{"taxonomy":"product_brand","embeddable":true,"href":"https:\/\/distritopo.com\/index.php\/wp-json\/wp\/v2\/product_brand?post=9234"},{"taxonomy":"product_cat","embeddable":true,"href":"https:\/\/distritopo.com\/index.php\/wp-json\/wp\/v2\/product_cat?post=9234"},{"taxonomy":"product_tag","embeddable":true,"href":"https:\/\/distritopo.com\/index.php\/wp-json\/wp\/v2\/product_tag?post=9234"}],"curies":[{"name":"wp","href":"https:\/\/api.w.org\/{rel}","templated":true}]}}