{"id":9216,"date":"2025-04-21T16:37:32","date_gmt":"2025-04-21T16:37:32","guid":{"rendered":"https:\/\/distritopo.com\/?post_type=product&#038;p=9216"},"modified":"2025-04-21T16:55:41","modified_gmt":"2025-04-21T16:55:41","slug":"camion-a-friccion-dino-transportador-de-vehiculo","status":"publish","type":"product","link":"https:\/\/distritopo.com\/index.php\/producto\/camion-a-friccion-dino-transportador-de-vehiculo\/","title":{"rendered":"Cami\u00f3n a fricci\u00f3n DINO transportador de veh\u00edculo"},"content":{"rendered":"<p>Cami\u00f3n DINO transportador a fricci\u00f3n con cami\u00f3n DINO excavadora.<\/p>\n<p>Posee una rampa para el cami\u00f3n excavador.<\/p>\n<p>Edad: +3 a\u00f1os.<\/p>\n<p>&nbsp;<\/p>\n","protected":false},"excerpt":{"rendered":"<p><em>Precio con IVA incluido<\/em><\/p>\n","protected":false},"featured_media":9221,"template":"","meta":{"_monsterinsights_skip_tracking":false,"_monsterinsights_sitenote_active":false,"_monsterinsights_sitenote_note":"","_monsterinsights_sitenote_category":0},"product_brand":[],"product_cat":[1636,18],"product_tag":[29,732,1632,1664],"class_list":{"0":"post-9216","1":"product","2":"type-product","3":"status-publish","4":"has-post-thumbnail","6":"product_cat-dinosaurios","7":"product_cat-jugueteria","8":"product_tag-camion","9":"product_tag-dino","10":"product_tag-dinosaurio","11":"product_tag-excavador","13":"first","14":"instock","15":"shipping-taxable","16":"purchasable","17":"product-type-simple"},"aioseo_notices":[],"_links":{"self":[{"href":"https:\/\/distritopo.com\/index.php\/wp-json\/wp\/v2\/product\/9216","targetHints":{"allow":["GET"]}}],"collection":[{"href":"https:\/\/distritopo.com\/index.php\/wp-json\/wp\/v2\/product"}],"about":[{"href":"https:\/\/distritopo.com\/index.php\/wp-json\/wp\/v2\/types\/product"}],"wp:featuredmedia":[{"embeddable":true,"href":"https:\/\/distritopo.com\/index.php\/wp-json\/wp\/v2\/media\/9221"}],"wp:attachment":[{"href":"https:\/\/distritopo.com\/index.php\/wp-json\/wp\/v2\/media?parent=9216"}],"wp:term":[{"taxonomy":"product_brand","embeddable":true,"href":"https:\/\/distritopo.com\/index.php\/wp-json\/wp\/v2\/product_brand?post=9216"},{"taxonomy":"product_cat","embeddable":true,"href":"https:\/\/distritopo.com\/index.php\/wp-json\/wp\/v2\/product_cat?post=9216"},{"taxonomy":"product_tag","embeddable":true,"href":"https:\/\/distritopo.com\/index.php\/wp-json\/wp\/v2\/product_tag?post=9216"}],"curies":[{"name":"wp","href":"https:\/\/api.w.org\/{rel}","templated":true}]}}