{"id":8684,"date":"2025-04-10T14:42:14","date_gmt":"2025-04-10T14:42:14","guid":{"rendered":"https:\/\/distritopo.com\/?post_type=product&#038;p=8684"},"modified":"2026-04-08T19:10:08","modified_gmt":"2026-04-08T19:10:08","slug":"microfibra-liner-038-x4-colores-clasicos-filgo","status":"publish","type":"product","link":"https:\/\/distritopo.com\/index.php\/producto\/microfibra-liner-038-x4-colores-clasicos-filgo\/","title":{"rendered":"Microfibra Liner 038 x4 colores cl\u00e1sicos &#8211; FILGO"},"content":{"rendered":"<p>\u2022 Trazo extra fino 0.4mm<\/p>\n<p>\u2022 Punta de tefl\u00f3n indeformable con gu\u00eda met\u00e1lica<\/p>\n<p>\u2022 Ideal para usar con reglas y escuadras<\/p>\n<p>\u2022 Paleta de colores surtidos<\/p>\n<p>\u2022 Intensos y luminosos<\/p>\n<p>\u2022 Tinta al agua at\u00f3xica<\/p>\n","protected":false},"excerpt":{"rendered":"<p><em>Precio con IVA incluido<\/em><\/p>\n","protected":false},"featured_media":8686,"template":"","meta":{"_monsterinsights_skip_tracking":false,"_monsterinsights_sitenote_active":false,"_monsterinsights_sitenote_note":"","_monsterinsights_sitenote_category":0},"product_brand":[],"product_cat":[19],"product_tag":[1101,192,1524,143],"class_list":{"0":"post-8684","1":"product","2":"type-product","3":"status-publish","4":"has-post-thumbnail","6":"product_cat-libreria","7":"product_tag-colores-clasicos","8":"product_tag-filgo","9":"product_tag-liner-038","10":"product_tag-microfibra","12":"first","13":"instock","14":"shipping-taxable","15":"purchasable","16":"product-type-simple"},"aioseo_notices":[],"_links":{"self":[{"href":"https:\/\/distritopo.com\/index.php\/wp-json\/wp\/v2\/product\/8684","targetHints":{"allow":["GET"]}}],"collection":[{"href":"https:\/\/distritopo.com\/index.php\/wp-json\/wp\/v2\/product"}],"about":[{"href":"https:\/\/distritopo.com\/index.php\/wp-json\/wp\/v2\/types\/product"}],"wp:featuredmedia":[{"embeddable":true,"href":"https:\/\/distritopo.com\/index.php\/wp-json\/wp\/v2\/media\/8686"}],"wp:attachment":[{"href":"https:\/\/distritopo.com\/index.php\/wp-json\/wp\/v2\/media?parent=8684"}],"wp:term":[{"taxonomy":"product_brand","embeddable":true,"href":"https:\/\/distritopo.com\/index.php\/wp-json\/wp\/v2\/product_brand?post=8684"},{"taxonomy":"product_cat","embeddable":true,"href":"https:\/\/distritopo.com\/index.php\/wp-json\/wp\/v2\/product_cat?post=8684"},{"taxonomy":"product_tag","embeddable":true,"href":"https:\/\/distritopo.com\/index.php\/wp-json\/wp\/v2\/product_tag?post=8684"}],"curies":[{"name":"wp","href":"https:\/\/api.w.org\/{rel}","templated":true}]}}