{"id":8662,"date":"2025-04-10T14:13:43","date_gmt":"2025-04-10T14:13:43","guid":{"rendered":"https:\/\/distritopo.com\/?post_type=product&#038;p=8662"},"modified":"2026-04-08T19:11:31","modified_gmt":"2026-04-08T19:11:31","slug":"roller-gel-borrable-doble-goma-borrax-filgo","status":"publish","type":"product","link":"https:\/\/distritopo.com\/index.php\/producto\/roller-gel-borrable-doble-goma-borrax-filgo\/","title":{"rendered":"Roller gel borrable doble goma Borrax &#8211; FILGO"},"content":{"rendered":"<p>\u2022 Trazo 0.7mm<\/p>\n<p>\u2022 Lapicera Roller con Tinta Gel Borrable por fricci\u00f3n t\u00e9rmica<\/p>\n<p>\u2022 Nueva f\u00f3rmula de tinta Termo-Sensitive que desaparece f\u00e1cilmente, lo que permite escribir, borrar y corregir tantas veces como sea necesario sin da\u00f1ar el papel<\/p>\n","protected":false},"excerpt":{"rendered":"<p><em>Precio con IVA incluido<\/em><\/p>\n","protected":false},"featured_media":8668,"template":"","meta":{"_monsterinsights_skip_tracking":false,"_monsterinsights_sitenote_active":false,"_monsterinsights_sitenote_note":"","_monsterinsights_sitenote_category":0},"product_brand":[],"product_cat":[19],"product_tag":[175,147,1521,1522,192,98],"class_list":{"0":"post-8662","1":"product","2":"type-product","3":"status-publish","4":"has-post-thumbnail","6":"product_cat-libreria","7":"product_tag-boligrafo","8":"product_tag-borrable","9":"product_tag-borrax","10":"product_tag-doble-goma","11":"product_tag-filgo","12":"product_tag-lapicera","14":"first","15":"instock","16":"shipping-taxable","17":"purchasable","18":"product-type-variable"},"aioseo_notices":[],"_links":{"self":[{"href":"https:\/\/distritopo.com\/index.php\/wp-json\/wp\/v2\/product\/8662","targetHints":{"allow":["GET"]}}],"collection":[{"href":"https:\/\/distritopo.com\/index.php\/wp-json\/wp\/v2\/product"}],"about":[{"href":"https:\/\/distritopo.com\/index.php\/wp-json\/wp\/v2\/types\/product"}],"wp:featuredmedia":[{"embeddable":true,"href":"https:\/\/distritopo.com\/index.php\/wp-json\/wp\/v2\/media\/8668"}],"wp:attachment":[{"href":"https:\/\/distritopo.com\/index.php\/wp-json\/wp\/v2\/media?parent=8662"}],"wp:term":[{"taxonomy":"product_brand","embeddable":true,"href":"https:\/\/distritopo.com\/index.php\/wp-json\/wp\/v2\/product_brand?post=8662"},{"taxonomy":"product_cat","embeddable":true,"href":"https:\/\/distritopo.com\/index.php\/wp-json\/wp\/v2\/product_cat?post=8662"},{"taxonomy":"product_tag","embeddable":true,"href":"https:\/\/distritopo.com\/index.php\/wp-json\/wp\/v2\/product_tag?post=8662"}],"curies":[{"name":"wp","href":"https:\/\/api.w.org\/{rel}","templated":true}]}}