{"id":735,"date":"2021-12-13T14:54:39","date_gmt":"2021-12-13T14:54:39","guid":{"rendered":"https:\/\/distritopo.com\/?post_type=product&#038;p=735"},"modified":"2022-11-05T17:34:43","modified_gmt":"2022-11-05T17:34:43","slug":"valija-juliana-set-dentista-con-accesorios","status":"publish","type":"product","link":"https:\/\/distritopo.com\/index.php\/producto\/valija-juliana-set-dentista-con-accesorios\/","title":{"rendered":"Valija Juliana Set Dentista"},"content":{"rendered":"<p>Valija Juliana Dentista<br \/>\nMedidas: 40 x 40 x 40 CM<\/p>\n<p>Este hermoso juego es ideal para que los ni\u00f1os se puedan familiarizar con el instrumental de los dentistas.<br \/>\nTrae material gr\u00e1fico de apoyo visual, donde explica como realizar un correcto cepillado de dientes, como hacer para mantener una higiene bucal adecuada, tips para mantener los dientes sanos y una gu\u00eda de dentista donde van a poder aprender los nombre de cada diente, cuando salen y cuando se caen.<br \/>\nTambi\u00e9n tiene un talonario para que desarrollando su juego simb\u00f3lico, sean dentistas y con todo lo aprendido eval\u00faen el estado de la boca de su paciente.<br \/>\nIdeal, para que jugando los ni\u00f1os pierdan el miedo al dentista y puedan lograr en forma exitosa la consulta. Apta para nenas a partir de 3 a\u00f1os.<\/p>\n<p>Incluye:<br \/>\n-Caja para guardar dientes<br \/>\n-Pasta Dental<br \/>\n-Boca para explorar con stickers de caries<br \/>\n-Jeringa<br \/>\n-Explorador<br \/>\n-Torno<br \/>\n-Esponja<br \/>\n-Cepillo de dientes<br \/>\nY dem\u00e1s Accesorios<\/p>\n","protected":false},"excerpt":{"rendered":"<p><strong>Valija con Accesorios de Dentista<\/strong><\/p>\n","protected":false},"featured_media":741,"template":"","meta":{"_monsterinsights_skip_tracking":false,"_monsterinsights_sitenote_active":false,"_monsterinsights_sitenote_note":"","_monsterinsights_sitenote_category":0},"product_brand":[],"product_cat":[18],"product_tag":[75,76,74,27],"class_list":{"0":"post-735","1":"product","2":"type-product","3":"status-publish","4":"has-post-thumbnail","6":"product_cat-jugueteria","7":"product_tag-dentista","8":"product_tag-doctora","9":"product_tag-juegos-y-juguetes","10":"product_tag-valija","12":"first","13":"outofstock","14":"shipping-taxable","15":"purchasable","16":"product-type-simple"},"aioseo_notices":[],"_links":{"self":[{"href":"https:\/\/distritopo.com\/index.php\/wp-json\/wp\/v2\/product\/735","targetHints":{"allow":["GET"]}}],"collection":[{"href":"https:\/\/distritopo.com\/index.php\/wp-json\/wp\/v2\/product"}],"about":[{"href":"https:\/\/distritopo.com\/index.php\/wp-json\/wp\/v2\/types\/product"}],"wp:featuredmedia":[{"embeddable":true,"href":"https:\/\/distritopo.com\/index.php\/wp-json\/wp\/v2\/media\/741"}],"wp:attachment":[{"href":"https:\/\/distritopo.com\/index.php\/wp-json\/wp\/v2\/media?parent=735"}],"wp:term":[{"taxonomy":"product_brand","embeddable":true,"href":"https:\/\/distritopo.com\/index.php\/wp-json\/wp\/v2\/product_brand?post=735"},{"taxonomy":"product_cat","embeddable":true,"href":"https:\/\/distritopo.com\/index.php\/wp-json\/wp\/v2\/product_cat?post=735"},{"taxonomy":"product_tag","embeddable":true,"href":"https:\/\/distritopo.com\/index.php\/wp-json\/wp\/v2\/product_tag?post=735"}],"curies":[{"name":"wp","href":"https:\/\/api.w.org\/{rel}","templated":true}]}}