{"id":7266,"date":"2025-03-10T18:38:48","date_gmt":"2025-03-10T18:38:48","guid":{"rendered":"https:\/\/distritopo.com\/?post_type=product&#038;p=7266"},"modified":"2025-04-10T16:10:28","modified_gmt":"2025-04-10T16:10:28","slug":"microfibras-0-4mm-liner-038-varios-colores-filgo","status":"publish","type":"product","link":"https:\/\/distritopo.com\/index.php\/producto\/microfibras-0-4mm-liner-038-varios-colores-filgo\/","title":{"rendered":"Microfibras 0.4mm Liner 038 VARIOS COLORES &#8211; FILGO"},"content":{"rendered":"<p>\u2022 Trazo extra fino 0.4mm<\/p>\n<p>\u2022 Punta de tefl\u00f3n indeformable con gu\u00eda met\u00e1lica<\/p>\n<p>\u2022 Ideal para usar con reglas y escuadras<\/p>\n<p>\u2022 Paleta de colores surtidos<\/p>\n<p>\u2022 Intensos y luminosos<\/p>\n<p>\u2022 Tinta al agua at\u00f3xica<\/p>\n","protected":false},"excerpt":{"rendered":"<p><em>Precio con IVA incluido<\/em><\/p>\n","protected":false},"featured_media":7269,"template":"","meta":{"_monsterinsights_skip_tracking":false,"_monsterinsights_sitenote_active":false,"_monsterinsights_sitenote_note":"","_monsterinsights_sitenote_category":0},"product_brand":[],"product_cat":[19],"product_tag":[1389,192,1388,143],"class_list":{"0":"post-7266","1":"product","2":"type-product","3":"status-publish","4":"has-post-thumbnail","6":"product_cat-libreria","7":"product_tag-1389","8":"product_tag-filgo","9":"product_tag-linner","10":"product_tag-microfibra","12":"first","13":"instock","14":"shipping-taxable","15":"purchasable","16":"product-type-variable"},"aioseo_notices":[],"_links":{"self":[{"href":"https:\/\/distritopo.com\/index.php\/wp-json\/wp\/v2\/product\/7266","targetHints":{"allow":["GET"]}}],"collection":[{"href":"https:\/\/distritopo.com\/index.php\/wp-json\/wp\/v2\/product"}],"about":[{"href":"https:\/\/distritopo.com\/index.php\/wp-json\/wp\/v2\/types\/product"}],"wp:featuredmedia":[{"embeddable":true,"href":"https:\/\/distritopo.com\/index.php\/wp-json\/wp\/v2\/media\/7269"}],"wp:attachment":[{"href":"https:\/\/distritopo.com\/index.php\/wp-json\/wp\/v2\/media?parent=7266"}],"wp:term":[{"taxonomy":"product_brand","embeddable":true,"href":"https:\/\/distritopo.com\/index.php\/wp-json\/wp\/v2\/product_brand?post=7266"},{"taxonomy":"product_cat","embeddable":true,"href":"https:\/\/distritopo.com\/index.php\/wp-json\/wp\/v2\/product_cat?post=7266"},{"taxonomy":"product_tag","embeddable":true,"href":"https:\/\/distritopo.com\/index.php\/wp-json\/wp\/v2\/product_tag?post=7266"}],"curies":[{"name":"wp","href":"https:\/\/api.w.org\/{rel}","templated":true}]}}