{"id":7205,"date":"2025-03-10T16:59:43","date_gmt":"2025-03-10T16:59:43","guid":{"rendered":"https:\/\/distritopo.com\/?post_type=product&#038;p=7205"},"modified":"2025-11-04T17:20:56","modified_gmt":"2025-11-04T17:20:56","slug":"lapiz-mecanico-05-mm-ezco","status":"publish","type":"product","link":"https:\/\/distritopo.com\/index.php\/producto\/lapiz-mecanico-05-mm-ezco\/","title":{"rendered":"L\u00e1piz Mec\u00e1nico LM-425 0,5 mm &#8211; EZCO"},"content":{"rendered":"<p>L\u00e1piz Mec\u00e1nico LM-425, goma incorporada, clip sujetador, indicador de dureza de mina. Colores surtidos.<\/p>\n","protected":false},"excerpt":{"rendered":"<p><em>Precio con IVA incluido<\/em><\/p>\n","protected":false},"featured_media":7206,"template":"","meta":{"_monsterinsights_skip_tracking":false,"_monsterinsights_sitenote_active":false,"_monsterinsights_sitenote_note":"","_monsterinsights_sitenote_category":0},"product_brand":[],"product_cat":[19],"product_tag":[1376,134,1375],"class_list":{"0":"post-7205","1":"product","2":"type-product","3":"status-publish","4":"has-post-thumbnail","6":"product_cat-libreria","7":"product_tag-1376","8":"product_tag-ezco","9":"product_tag-lapiz-mecanico","10":"pa_color-azul","11":"pa_color-gris-calido","12":"pa_color-negro","13":"pa_color-rojo","15":"first","16":"instock","17":"shipping-taxable","18":"purchasable","19":"product-type-variable"},"aioseo_notices":[],"_links":{"self":[{"href":"https:\/\/distritopo.com\/index.php\/wp-json\/wp\/v2\/product\/7205","targetHints":{"allow":["GET"]}}],"collection":[{"href":"https:\/\/distritopo.com\/index.php\/wp-json\/wp\/v2\/product"}],"about":[{"href":"https:\/\/distritopo.com\/index.php\/wp-json\/wp\/v2\/types\/product"}],"wp:featuredmedia":[{"embeddable":true,"href":"https:\/\/distritopo.com\/index.php\/wp-json\/wp\/v2\/media\/7206"}],"wp:attachment":[{"href":"https:\/\/distritopo.com\/index.php\/wp-json\/wp\/v2\/media?parent=7205"}],"wp:term":[{"taxonomy":"product_brand","embeddable":true,"href":"https:\/\/distritopo.com\/index.php\/wp-json\/wp\/v2\/product_brand?post=7205"},{"taxonomy":"product_cat","embeddable":true,"href":"https:\/\/distritopo.com\/index.php\/wp-json\/wp\/v2\/product_cat?post=7205"},{"taxonomy":"product_tag","embeddable":true,"href":"https:\/\/distritopo.com\/index.php\/wp-json\/wp\/v2\/product_tag?post=7205"}],"curies":[{"name":"wp","href":"https:\/\/api.w.org\/{rel}","templated":true}]}}