{"id":6923,"date":"2025-02-27T19:27:24","date_gmt":"2025-02-27T19:27:24","guid":{"rendered":"https:\/\/distritopo.com\/?post_type=product&#038;p=6923"},"modified":"2025-04-22T20:22:23","modified_gmt":"2025-04-22T20:22:23","slug":"lapiz-negro-hb-ezco","status":"publish","type":"product","link":"https:\/\/distritopo.com\/index.php\/producto\/lapiz-negro-hb-ezco\/","title":{"rendered":"L\u00e1piz negro HB &#8211; EZCO"},"content":{"rendered":"<p>L\u00e1piz de grafito, cuerpo pl\u00e1stico hexagonal, mina resistente HB, no t\u00f3xicos, no se astilla, dise\u00f1o ergon\u00f3mico.<\/p>\n","protected":false},"excerpt":{"rendered":"<p><em>Precio con IVA incluido<\/em><\/p>\n","protected":false},"featured_media":6924,"template":"","meta":{"_monsterinsights_skip_tracking":false,"_monsterinsights_sitenote_active":false,"_monsterinsights_sitenote_note":"","_monsterinsights_sitenote_category":0},"product_brand":[],"product_cat":[19],"product_tag":[134,198,199,112,87],"class_list":{"0":"post-6923","1":"product","2":"type-product","3":"status-publish","4":"has-post-thumbnail","6":"product_cat-libreria","7":"product_tag-ezco","8":"product_tag-grafito","9":"product_tag-hb","10":"product_tag-lapiz","11":"product_tag-negro","13":"first","14":"instock","15":"shipping-taxable","16":"purchasable","17":"product-type-simple"},"aioseo_notices":[],"_links":{"self":[{"href":"https:\/\/distritopo.com\/index.php\/wp-json\/wp\/v2\/product\/6923","targetHints":{"allow":["GET"]}}],"collection":[{"href":"https:\/\/distritopo.com\/index.php\/wp-json\/wp\/v2\/product"}],"about":[{"href":"https:\/\/distritopo.com\/index.php\/wp-json\/wp\/v2\/types\/product"}],"wp:featuredmedia":[{"embeddable":true,"href":"https:\/\/distritopo.com\/index.php\/wp-json\/wp\/v2\/media\/6924"}],"wp:attachment":[{"href":"https:\/\/distritopo.com\/index.php\/wp-json\/wp\/v2\/media?parent=6923"}],"wp:term":[{"taxonomy":"product_brand","embeddable":true,"href":"https:\/\/distritopo.com\/index.php\/wp-json\/wp\/v2\/product_brand?post=6923"},{"taxonomy":"product_cat","embeddable":true,"href":"https:\/\/distritopo.com\/index.php\/wp-json\/wp\/v2\/product_cat?post=6923"},{"taxonomy":"product_tag","embeddable":true,"href":"https:\/\/distritopo.com\/index.php\/wp-json\/wp\/v2\/product_tag?post=6923"}],"curies":[{"name":"wp","href":"https:\/\/api.w.org\/{rel}","templated":true}]}}