{"id":6736,"date":"2025-02-21T20:08:27","date_gmt":"2025-02-21T20:08:27","guid":{"rendered":"https:\/\/distritopo.com\/?post_type=product&#038;p=6736"},"modified":"2025-12-26T15:20:18","modified_gmt":"2025-12-26T15:20:18","slug":"art-set-varios-modelos-chimola","status":"publish","type":"product","link":"https:\/\/distritopo.com\/index.php\/producto\/art-set-varios-modelos-chimola\/","title":{"rendered":"ART SET VARIOS MODELOS &#8211; CHIMOLA"},"content":{"rendered":"<section class=\"page-header \">\n<div class=\"\" data-store=\"page-title\"><\/div>\n<\/section>\n<form id=\"product_form\" class=\"js-product-form\" action=\"https:\/\/www.chimola.com.ar\/comprar\/\" method=\"post\" data-store=\"product-form-255182189\">\n<div id=\"product-shipping-container\" class=\"product-shipping-calculator list-readonly float-left w-100\" data-shipping-url=\"\/envio\/\">\n<div class=\"mb-4 w-100\">\n<div class=\"list-item-content row\">\n<div class=\"col-4 text-right\">\n<div><span style=\"font-size: 16px;\">\u00a1Prep\u00e1rate para un mundo de color y diversi\u00f3n con este Super Set de Arte de la conejita m\u00e1s coqueta y encantadora! Dentro de esta caja m\u00e1gica encontrar\u00e1s marcadores de doble punta para dibujar l\u00edneas finas y gruesas, l\u00e1pices de colores para hacer tus personajes favoritos, pinturas para crear arco\u00edris gigantes, y crayones para dibujar sin parar. \u00a1Y eso no es todo! Tambi\u00e9n tienes un l\u00e1piz, goma y sacapuntas para que siempre est\u00e9s listo para tu pr\u00f3xima producci\u00f3n. \u00a1Dibuja, pinta y crea sin parar, porque el arte es una aventura sin fin!<\/span><\/div>\n<\/div>\n<\/div>\n<\/div>\n<\/div>\n<\/form>\n","protected":false},"excerpt":{"rendered":"<p><em>Precio con IVA incluido<\/em><\/p>\n","protected":false},"featured_media":6742,"template":"","meta":{"_monsterinsights_skip_tracking":false,"_monsterinsights_sitenote_active":false,"_monsterinsights_sitenote_note":"","_monsterinsights_sitenote_category":0},"product_brand":[],"product_cat":[1327],"product_tag":[1324,1325,708,757,705,660,661,216,1326],"class_list":{"0":"post-6736","1":"product","2":"type-product","3":"status-publish","4":"has-post-thumbnail","6":"product_cat-set-de-arte","7":"product_tag-art","8":"product_tag-arte","9":"product_tag-bear","10":"product_tag-bunny","11":"product_tag-cat","12":"product_tag-chimola","13":"product_tag-dog","14":"product_tag-set","15":"product_tag-truck","17":"first","18":"outofstock","19":"shipping-taxable","20":"purchasable","21":"product-type-variable"},"aioseo_notices":[],"_links":{"self":[{"href":"https:\/\/distritopo.com\/index.php\/wp-json\/wp\/v2\/product\/6736","targetHints":{"allow":["GET"]}}],"collection":[{"href":"https:\/\/distritopo.com\/index.php\/wp-json\/wp\/v2\/product"}],"about":[{"href":"https:\/\/distritopo.com\/index.php\/wp-json\/wp\/v2\/types\/product"}],"wp:featuredmedia":[{"embeddable":true,"href":"https:\/\/distritopo.com\/index.php\/wp-json\/wp\/v2\/media\/6742"}],"wp:attachment":[{"href":"https:\/\/distritopo.com\/index.php\/wp-json\/wp\/v2\/media?parent=6736"}],"wp:term":[{"taxonomy":"product_brand","embeddable":true,"href":"https:\/\/distritopo.com\/index.php\/wp-json\/wp\/v2\/product_brand?post=6736"},{"taxonomy":"product_cat","embeddable":true,"href":"https:\/\/distritopo.com\/index.php\/wp-json\/wp\/v2\/product_cat?post=6736"},{"taxonomy":"product_tag","embeddable":true,"href":"https:\/\/distritopo.com\/index.php\/wp-json\/wp\/v2\/product_tag?post=6736"}],"curies":[{"name":"wp","href":"https:\/\/api.w.org\/{rel}","templated":true}]}}