{"id":6237,"date":"2025-01-31T14:25:59","date_gmt":"2025-01-31T14:25:59","guid":{"rendered":"https:\/\/distritopo.com\/?post_type=product&#038;p=6237"},"modified":"2025-04-10T16:10:29","modified_gmt":"2025-04-10T16:10:29","slug":"marcadores-de-pintura-al-agua-x10-filgo","status":"publish","type":"product","link":"https:\/\/distritopo.com\/index.php\/producto\/marcadores-de-pintura-al-agua-x10-filgo\/","title":{"rendered":"Marcadores de pintura al agua x10 &#8211; FILGO"},"content":{"rendered":"<p>Marcador de pintura a base de agua de punta redonda de 3.0 mm<\/p>\n<ul>\n<li>Tinta opaca y fluida, para diferentes superficies<\/li>\n<li>No permanente sobre superficies no porosas como vidrio, cer\u00e1mica y pl\u00e1sticos<\/li>\n<li>Se puede retirar con la utilizaci\u00f3n de un trapo h\u00famedo<\/li>\n<li>Destap\u00e1 y us\u00e1. Uso f\u00e1cil, r\u00e1pido y sin v\u00e1lvula<\/li>\n<li>Cuerpo triangular para mejor agarre<\/li>\n<li>Uso ideal para manualidades, tarjeter\u00eda, ilustraci\u00f3n y lettering<\/li>\n<li>Trazo medio 1.8\/2.5<\/li>\n<\/ul>\n","protected":false},"excerpt":{"rendered":"<p><em>Precio con IVA incluido<\/em><\/p>\n","protected":false},"featured_media":6238,"template":"","meta":{"_monsterinsights_skip_tracking":false,"_monsterinsights_sitenote_active":false,"_monsterinsights_sitenote_note":"","_monsterinsights_sitenote_category":0},"product_brand":[],"product_cat":[19],"product_tag":[1103,192,174,1196,985],"class_list":{"0":"post-6237","1":"product","2":"type-product","3":"status-publish","4":"has-post-thumbnail","6":"product_cat-libreria","7":"product_tag-al-agua","8":"product_tag-filgo","9":"product_tag-marcadores","10":"product_tag-permanente","11":"product_tag-pintura","13":"first","14":"instock","15":"shipping-taxable","16":"purchasable","17":"product-type-simple"},"aioseo_notices":[],"_links":{"self":[{"href":"https:\/\/distritopo.com\/index.php\/wp-json\/wp\/v2\/product\/6237","targetHints":{"allow":["GET"]}}],"collection":[{"href":"https:\/\/distritopo.com\/index.php\/wp-json\/wp\/v2\/product"}],"about":[{"href":"https:\/\/distritopo.com\/index.php\/wp-json\/wp\/v2\/types\/product"}],"wp:featuredmedia":[{"embeddable":true,"href":"https:\/\/distritopo.com\/index.php\/wp-json\/wp\/v2\/media\/6238"}],"wp:attachment":[{"href":"https:\/\/distritopo.com\/index.php\/wp-json\/wp\/v2\/media?parent=6237"}],"wp:term":[{"taxonomy":"product_brand","embeddable":true,"href":"https:\/\/distritopo.com\/index.php\/wp-json\/wp\/v2\/product_brand?post=6237"},{"taxonomy":"product_cat","embeddable":true,"href":"https:\/\/distritopo.com\/index.php\/wp-json\/wp\/v2\/product_cat?post=6237"},{"taxonomy":"product_tag","embeddable":true,"href":"https:\/\/distritopo.com\/index.php\/wp-json\/wp\/v2\/product_tag?post=6237"}],"curies":[{"name":"wp","href":"https:\/\/api.w.org\/{rel}","templated":true}]}}