{"id":6138,"date":"2025-01-29T14:44:44","date_gmt":"2025-01-29T14:44:44","guid":{"rendered":"https:\/\/distritopo.com\/?post_type=product&#038;p=6138"},"modified":"2025-11-06T15:51:13","modified_gmt":"2025-11-06T15:51:13","slug":"cartuchera-desplegable-c-cierre-metalizada-spiderman-multiscope","status":"publish","type":"product","link":"https:\/\/distritopo.com\/index.php\/producto\/cartuchera-desplegable-c-cierre-metalizada-spiderman-multiscope\/","title":{"rendered":"Cartuchera desplegable c\/cierre metalizada \u00abSpiderman\u00bb &#8211; MULTISCOPE"},"content":{"rendered":"<ul>\n<li>Material: PU plateado<\/li>\n<li>Ribete: PU metalizado<\/li>\n<li>Exterior: cierre para que ning\u00fan elemento guardado se pierda<\/li>\n<li>Interior: 1 amplio compartimento transparente con cierre para colocar elementos sueltos, 24 el\u00e1sticos para acomodar l\u00e1pices y 3 el\u00e1sticos m\u00e1s anchos para otros \u00fatiles<\/li>\n<li>Nuevo interior reforzado en friselina para mayor durabilidad<\/li>\n<li>El\u00e1sticos interiores con costura reforzada<\/li>\n<li>Tiracierre de goma<\/li>\n<\/ul>\n","protected":false},"excerpt":{"rendered":"<p><em>Precio con IVA incluido<\/em><\/p>\n","protected":false},"featured_media":6140,"template":"","meta":{"_monsterinsights_skip_tracking":false,"_monsterinsights_sitenote_active":false,"_monsterinsights_sitenote_note":"","_monsterinsights_sitenote_category":0},"product_brand":[],"product_cat":[586],"product_tag":[631,560,1264,1034,720],"class_list":{"0":"post-6138","1":"product","2":"type-product","3":"status-publish","4":"has-post-thumbnail","6":"product_cat-cartucheras","7":"product_tag-1-cierre","8":"product_tag-cartuchera","9":"product_tag-desplegable","10":"product_tag-metalizada","11":"product_tag-multiscope","13":"first","14":"outofstock","15":"shipping-taxable","16":"purchasable","17":"product-type-simple"},"aioseo_notices":[],"_links":{"self":[{"href":"https:\/\/distritopo.com\/index.php\/wp-json\/wp\/v2\/product\/6138","targetHints":{"allow":["GET"]}}],"collection":[{"href":"https:\/\/distritopo.com\/index.php\/wp-json\/wp\/v2\/product"}],"about":[{"href":"https:\/\/distritopo.com\/index.php\/wp-json\/wp\/v2\/types\/product"}],"wp:featuredmedia":[{"embeddable":true,"href":"https:\/\/distritopo.com\/index.php\/wp-json\/wp\/v2\/media\/6140"}],"wp:attachment":[{"href":"https:\/\/distritopo.com\/index.php\/wp-json\/wp\/v2\/media?parent=6138"}],"wp:term":[{"taxonomy":"product_brand","embeddable":true,"href":"https:\/\/distritopo.com\/index.php\/wp-json\/wp\/v2\/product_brand?post=6138"},{"taxonomy":"product_cat","embeddable":true,"href":"https:\/\/distritopo.com\/index.php\/wp-json\/wp\/v2\/product_cat?post=6138"},{"taxonomy":"product_tag","embeddable":true,"href":"https:\/\/distritopo.com\/index.php\/wp-json\/wp\/v2\/product_tag?post=6138"}],"curies":[{"name":"wp","href":"https:\/\/api.w.org\/{rel}","templated":true}]}}