{"id":6128,"date":"2025-01-29T14:22:34","date_gmt":"2025-01-29T14:22:34","guid":{"rendered":"https:\/\/distritopo.com\/?post_type=product&#038;p=6128"},"modified":"2025-01-29T14:22:43","modified_gmt":"2025-01-29T14:22:43","slug":"cartuchera-2-pisos-pvc-con-efecto-t-rex-multiscope","status":"publish","type":"product","link":"https:\/\/distritopo.com\/index.php\/producto\/cartuchera-2-pisos-pvc-con-efecto-t-rex-multiscope\/","title":{"rendered":"Cartuchera 2 pisos PVC con efecto \u00abT-Rex\u00bb &#8211; MULTISCOPE"},"content":{"rendered":"<ul>\n<li>Material: PVC con efecto especial<\/li>\n<li>Ribete: cordura<\/li>\n<li>Formato m\u00e1s ancho, \u00fanico en el mercado, dise\u00f1ado especialmente para que el pegamento favorito de los chicos se pueda guardar sin necesidad de forzar su cierre<\/li>\n<li>2 compartimentos con cierre<\/li>\n<li>Nuevo interior reforzado en friselina para mayor durabilidad<\/li>\n<li>El\u00e1sticos interiores con costura reforzada y diferentes anchos para guardar todo tipo de \u00fatiles<\/li>\n<li>Tiracierre de goma<\/li>\n<\/ul>\n","protected":false},"excerpt":{"rendered":"<p><em>Precio con IVA incluido<\/em><\/p>\n","protected":false},"featured_media":6132,"template":"","meta":{"_monsterinsights_skip_tracking":false,"_monsterinsights_sitenote_active":false,"_monsterinsights_sitenote_note":"","_monsterinsights_sitenote_category":0},"product_brand":[],"product_cat":[586],"product_tag":[651,560,720,713,680],"class_list":{"0":"post-6128","1":"product","2":"type-product","3":"status-publish","4":"has-post-thumbnail","6":"product_cat-cartucheras","7":"product_tag-2-pisos","8":"product_tag-cartuchera","9":"product_tag-multiscope","10":"product_tag-pvc","11":"product_tag-t-rex","13":"first","14":"instock","15":"shipping-taxable","16":"purchasable","17":"product-type-simple"},"aioseo_notices":[],"_links":{"self":[{"href":"https:\/\/distritopo.com\/index.php\/wp-json\/wp\/v2\/product\/6128","targetHints":{"allow":["GET"]}}],"collection":[{"href":"https:\/\/distritopo.com\/index.php\/wp-json\/wp\/v2\/product"}],"about":[{"href":"https:\/\/distritopo.com\/index.php\/wp-json\/wp\/v2\/types\/product"}],"wp:featuredmedia":[{"embeddable":true,"href":"https:\/\/distritopo.com\/index.php\/wp-json\/wp\/v2\/media\/6132"}],"wp:attachment":[{"href":"https:\/\/distritopo.com\/index.php\/wp-json\/wp\/v2\/media?parent=6128"}],"wp:term":[{"taxonomy":"product_brand","embeddable":true,"href":"https:\/\/distritopo.com\/index.php\/wp-json\/wp\/v2\/product_brand?post=6128"},{"taxonomy":"product_cat","embeddable":true,"href":"https:\/\/distritopo.com\/index.php\/wp-json\/wp\/v2\/product_cat?post=6128"},{"taxonomy":"product_tag","embeddable":true,"href":"https:\/\/distritopo.com\/index.php\/wp-json\/wp\/v2\/product_tag?post=6128"}],"curies":[{"name":"wp","href":"https:\/\/api.w.org\/{rel}","templated":true}]}}