{"id":5576,"date":"2025-01-17T17:30:59","date_gmt":"2025-01-17T17:30:59","guid":{"rendered":"https:\/\/distritopo.com\/?post_type=product&#038;p=5576"},"modified":"2025-11-04T17:22:30","modified_gmt":"2025-11-04T17:22:30","slug":"marcadores-acrilicos-x12-ezco","status":"publish","type":"product","link":"https:\/\/distritopo.com\/index.php\/producto\/marcadores-acrilicos-x12-ezco\/","title":{"rendered":"Marcadores acr\u00edlicos x12 &#8211; EZCO"},"content":{"rendered":"<p>Marcadores permanentes Acr\u00edlicos a base de agua, cuerpo triangular, 12 colores, no t\u00f3xicos, punta 2 mm.<\/p>\n<p><em><span style=\"color: #ff6600;\">Apto para uso en todas las superficies<\/span>: papel, vidrio, cer\u00e1mica, pl\u00e1stico, madera, metal, etc.<\/em><\/p>\n<p>Tinta resistente al agua y rayos UV.<\/p>\n<h6><\/h6>\n","protected":false},"excerpt":{"rendered":"<p><em>Precio con IVA incluido<\/em><\/p>\n","protected":false},"featured_media":5578,"template":"","meta":{"_monsterinsights_skip_tracking":false,"_monsterinsights_sitenote_active":false,"_monsterinsights_sitenote_note":"","_monsterinsights_sitenote_category":0},"product_brand":[],"product_cat":[19],"product_tag":[988,134,174],"class_list":{"0":"post-5576","1":"product","2":"type-product","3":"status-publish","4":"has-post-thumbnail","6":"product_cat-libreria","7":"product_tag-acrilico","8":"product_tag-ezco","9":"product_tag-marcadores","11":"first","12":"instock","13":"shipping-taxable","14":"purchasable","15":"product-type-simple"},"aioseo_notices":[],"_links":{"self":[{"href":"https:\/\/distritopo.com\/index.php\/wp-json\/wp\/v2\/product\/5576","targetHints":{"allow":["GET"]}}],"collection":[{"href":"https:\/\/distritopo.com\/index.php\/wp-json\/wp\/v2\/product"}],"about":[{"href":"https:\/\/distritopo.com\/index.php\/wp-json\/wp\/v2\/types\/product"}],"wp:featuredmedia":[{"embeddable":true,"href":"https:\/\/distritopo.com\/index.php\/wp-json\/wp\/v2\/media\/5578"}],"wp:attachment":[{"href":"https:\/\/distritopo.com\/index.php\/wp-json\/wp\/v2\/media?parent=5576"}],"wp:term":[{"taxonomy":"product_brand","embeddable":true,"href":"https:\/\/distritopo.com\/index.php\/wp-json\/wp\/v2\/product_brand?post=5576"},{"taxonomy":"product_cat","embeddable":true,"href":"https:\/\/distritopo.com\/index.php\/wp-json\/wp\/v2\/product_cat?post=5576"},{"taxonomy":"product_tag","embeddable":true,"href":"https:\/\/distritopo.com\/index.php\/wp-json\/wp\/v2\/product_tag?post=5576"}],"curies":[{"name":"wp","href":"https:\/\/api.w.org\/{rel}","templated":true}]}}