{"id":5448,"date":"2025-01-17T14:18:36","date_gmt":"2025-01-17T14:18:36","guid":{"rendered":"https:\/\/distritopo.com\/?post_type=product&#038;p=5448"},"modified":"2026-03-31T14:53:44","modified_gmt":"2026-03-31T14:53:44","slug":"silicona-liquida-ibicraft","status":"publish","type":"product","link":"https:\/\/distritopo.com\/index.php\/producto\/silicona-liquida-ibicraft\/","title":{"rendered":"Silicona l\u00edquida &#8211; IBI CRAFT"},"content":{"rendered":"<p>pega papel, cart\u00f3n, pl\u00e1stico, tela, etc.<\/p>\n","protected":false},"excerpt":{"rendered":"<p><em>Precio con IVA incluido<\/em><\/p>\n","protected":false},"featured_media":8825,"template":"","meta":{"_monsterinsights_skip_tracking":false,"_monsterinsights_sitenote_active":false,"_monsterinsights_sitenote_note":"","_monsterinsights_sitenote_category":0},"product_brand":[],"product_cat":[1392,19],"product_tag":[1229,1167,166,165],"class_list":{"0":"post-5448","1":"product","2":"type-product","3":"status-publish","4":"has-post-thumbnail","6":"product_cat-ibicraft","7":"product_cat-libreria","8":"product_tag-ibi-craft","9":"product_tag-ibicraft","10":"product_tag-liquida","11":"product_tag-silicona","13":"first","14":"instock","15":"shipping-taxable","16":"purchasable","17":"product-type-variable"},"aioseo_notices":[],"_links":{"self":[{"href":"https:\/\/distritopo.com\/index.php\/wp-json\/wp\/v2\/product\/5448","targetHints":{"allow":["GET"]}}],"collection":[{"href":"https:\/\/distritopo.com\/index.php\/wp-json\/wp\/v2\/product"}],"about":[{"href":"https:\/\/distritopo.com\/index.php\/wp-json\/wp\/v2\/types\/product"}],"wp:featuredmedia":[{"embeddable":true,"href":"https:\/\/distritopo.com\/index.php\/wp-json\/wp\/v2\/media\/8825"}],"wp:attachment":[{"href":"https:\/\/distritopo.com\/index.php\/wp-json\/wp\/v2\/media?parent=5448"}],"wp:term":[{"taxonomy":"product_brand","embeddable":true,"href":"https:\/\/distritopo.com\/index.php\/wp-json\/wp\/v2\/product_brand?post=5448"},{"taxonomy":"product_cat","embeddable":true,"href":"https:\/\/distritopo.com\/index.php\/wp-json\/wp\/v2\/product_cat?post=5448"},{"taxonomy":"product_tag","embeddable":true,"href":"https:\/\/distritopo.com\/index.php\/wp-json\/wp\/v2\/product_tag?post=5448"}],"curies":[{"name":"wp","href":"https:\/\/api.w.org\/{rel}","templated":true}]}}