{"id":5113,"date":"2025-01-14T18:41:08","date_gmt":"2025-01-14T18:41:08","guid":{"rendered":"https:\/\/distritopo.com\/?post_type=product&#038;p=5113"},"modified":"2026-03-20T12:59:25","modified_gmt":"2026-03-20T12:59:25","slug":"crayon-gordo-x6-x12-senorita","status":"publish","type":"product","link":"https:\/\/distritopo.com\/index.php\/producto\/crayon-gordo-x6-x12-senorita\/","title":{"rendered":"Cray\u00f3n gordo x6 \/ x12 &#8211; SE\u00d1ORITA"},"content":{"rendered":"<p>Crayones a base de ceras naturales, no pl\u00e1sticos, con pigmentos at\u00f3xicos. Formulaci\u00f3n homog\u00e9nea de alto poder cubritivo. No manchan. Colores suaves y uniformes. Ideal para la combinaci\u00f3n con otros materiales en el desarrollo de t\u00e9cnicas mixtas.<\/p>\n","protected":false},"excerpt":{"rendered":"<p><em>Precio con IVA incluido<\/em><\/p>\n","protected":false},"featured_media":5116,"template":"","meta":{"_monsterinsights_skip_tracking":false,"_monsterinsights_sitenote_active":false,"_monsterinsights_sitenote_note":"","_monsterinsights_sitenote_category":0},"product_brand":[],"product_cat":[19],"product_tag":[114,1088,1093,1094],"class_list":{"0":"post-5113","1":"product","2":"type-product","3":"status-publish","4":"has-post-thumbnail","6":"product_cat-libreria","7":"product_tag-colores","8":"product_tag-crayon","9":"product_tag-gordo","10":"product_tag-senorita","12":"first","13":"instock","14":"shipping-taxable","15":"purchasable","16":"product-type-variable"},"aioseo_notices":[],"_links":{"self":[{"href":"https:\/\/distritopo.com\/index.php\/wp-json\/wp\/v2\/product\/5113","targetHints":{"allow":["GET"]}}],"collection":[{"href":"https:\/\/distritopo.com\/index.php\/wp-json\/wp\/v2\/product"}],"about":[{"href":"https:\/\/distritopo.com\/index.php\/wp-json\/wp\/v2\/types\/product"}],"wp:featuredmedia":[{"embeddable":true,"href":"https:\/\/distritopo.com\/index.php\/wp-json\/wp\/v2\/media\/5116"}],"wp:attachment":[{"href":"https:\/\/distritopo.com\/index.php\/wp-json\/wp\/v2\/media?parent=5113"}],"wp:term":[{"taxonomy":"product_brand","embeddable":true,"href":"https:\/\/distritopo.com\/index.php\/wp-json\/wp\/v2\/product_brand?post=5113"},{"taxonomy":"product_cat","embeddable":true,"href":"https:\/\/distritopo.com\/index.php\/wp-json\/wp\/v2\/product_cat?post=5113"},{"taxonomy":"product_tag","embeddable":true,"href":"https:\/\/distritopo.com\/index.php\/wp-json\/wp\/v2\/product_tag?post=5113"}],"curies":[{"name":"wp","href":"https:\/\/api.w.org\/{rel}","templated":true}]}}