{"id":4222,"date":"2024-12-27T18:50:04","date_gmt":"2024-12-27T18:50:04","guid":{"rendered":"https:\/\/distritopo.com\/?post_type=product&#038;p=4222"},"modified":"2025-03-07T14:45:10","modified_gmt":"2025-03-07T14:45:10","slug":"tobogan-de-rotomoldeo-3-modelos-brava-kids","status":"publish","type":"product","link":"https:\/\/distritopo.com\/index.php\/producto\/tobogan-de-rotomoldeo-3-modelos-brava-kids\/","title":{"rendered":"Tobog\u00e1n pl\u00e1stico de rotomoldeo (3 modelos) &#8211; BRAVA KIDS"},"content":{"rendered":"<p>CARACTER\u00cdSTICAS:<\/p>\n<p>-Rotomodelo doble pared<\/p>\n<p>-Deslizamiento ergodin\u00e1mico<\/p>\n<p>-Estructura de ca\u00f1o reforzado<\/p>\n<p>-Pintura Epoxi, apto exterior<\/p>\n<p>-Escalones de pl\u00e1stico reforzado<\/p>\n<p>-Pasamanos de seguridad<\/p>\n<p>-Colores definidos<\/p>\n","protected":false},"excerpt":{"rendered":"<p><em>Precio con IVA incluido<\/em><\/p>\n","protected":false},"featured_media":4228,"template":"","meta":{"_monsterinsights_skip_tracking":false,"_monsterinsights_sitenote_active":false,"_monsterinsights_sitenote_note":"","_monsterinsights_sitenote_category":0},"product_brand":[],"product_cat":[837],"product_tag":[898,839],"class_list":{"0":"post-4222","1":"product","2":"type-product","3":"status-publish","4":"has-post-thumbnail","6":"product_cat-tobogan","7":"product_tag-brava-kids","8":"product_tag-tobogan","10":"first","11":"outofstock","12":"shipping-taxable","13":"purchasable","14":"product-type-variable"},"aioseo_notices":[],"_links":{"self":[{"href":"https:\/\/distritopo.com\/index.php\/wp-json\/wp\/v2\/product\/4222","targetHints":{"allow":["GET"]}}],"collection":[{"href":"https:\/\/distritopo.com\/index.php\/wp-json\/wp\/v2\/product"}],"about":[{"href":"https:\/\/distritopo.com\/index.php\/wp-json\/wp\/v2\/types\/product"}],"wp:featuredmedia":[{"embeddable":true,"href":"https:\/\/distritopo.com\/index.php\/wp-json\/wp\/v2\/media\/4228"}],"wp:attachment":[{"href":"https:\/\/distritopo.com\/index.php\/wp-json\/wp\/v2\/media?parent=4222"}],"wp:term":[{"taxonomy":"product_brand","embeddable":true,"href":"https:\/\/distritopo.com\/index.php\/wp-json\/wp\/v2\/product_brand?post=4222"},{"taxonomy":"product_cat","embeddable":true,"href":"https:\/\/distritopo.com\/index.php\/wp-json\/wp\/v2\/product_cat?post=4222"},{"taxonomy":"product_tag","embeddable":true,"href":"https:\/\/distritopo.com\/index.php\/wp-json\/wp\/v2\/product_tag?post=4222"}],"curies":[{"name":"wp","href":"https:\/\/api.w.org\/{rel}","templated":true}]}}