{"id":4032,"date":"2024-12-26T13:01:00","date_gmt":"2024-12-26T13:01:00","guid":{"rendered":"https:\/\/distritopo.com\/?post_type=product&#038;p=4032"},"modified":"2025-04-21T13:17:40","modified_gmt":"2025-04-21T13:17:40","slug":"andador-moto-r1-team-rojo-rondi","status":"publish","type":"product","link":"https:\/\/distritopo.com\/index.php\/producto\/andador-moto-r1-team-rojo-rondi\/","title":{"rendered":"Andador \u00abMoto R1 Team Rojo\u00bb &#8211; RONDI"},"content":{"rendered":"<p>Dise\u00f1o \u00fanico, ruedas anchas para mayor estabilidad y toda la diversi\u00f3n.<\/p>\n<p><strong>Edad recomendada: A partir de 2 a\u00f1os<\/strong><\/p>\n","protected":false},"excerpt":{"rendered":"<p><em>Precio con IVA incluido<\/em><\/p>\n","protected":false},"featured_media":4033,"template":"","meta":{"_monsterinsights_skip_tracking":false,"_monsterinsights_sitenote_active":false,"_monsterinsights_sitenote_note":"","_monsterinsights_sitenote_category":0},"product_brand":[],"product_cat":[1654,18,22],"product_tag":[41,829,848,81,43],"class_list":{"0":"post-4032","1":"product","2":"type-product","3":"status-publish","4":"has-post-thumbnail","6":"product_cat-andador","7":"product_cat-jugueteria","8":"product_cat-rodados","9":"product_tag-andador","10":"product_tag-moto","11":"product_tag-moto-r1","12":"product_tag-rojo","13":"product_tag-rondi","15":"first","16":"outofstock","17":"shipping-taxable","18":"purchasable","19":"product-type-simple"},"aioseo_notices":[],"_links":{"self":[{"href":"https:\/\/distritopo.com\/index.php\/wp-json\/wp\/v2\/product\/4032","targetHints":{"allow":["GET"]}}],"collection":[{"href":"https:\/\/distritopo.com\/index.php\/wp-json\/wp\/v2\/product"}],"about":[{"href":"https:\/\/distritopo.com\/index.php\/wp-json\/wp\/v2\/types\/product"}],"wp:featuredmedia":[{"embeddable":true,"href":"https:\/\/distritopo.com\/index.php\/wp-json\/wp\/v2\/media\/4033"}],"wp:attachment":[{"href":"https:\/\/distritopo.com\/index.php\/wp-json\/wp\/v2\/media?parent=4032"}],"wp:term":[{"taxonomy":"product_brand","embeddable":true,"href":"https:\/\/distritopo.com\/index.php\/wp-json\/wp\/v2\/product_brand?post=4032"},{"taxonomy":"product_cat","embeddable":true,"href":"https:\/\/distritopo.com\/index.php\/wp-json\/wp\/v2\/product_cat?post=4032"},{"taxonomy":"product_tag","embeddable":true,"href":"https:\/\/distritopo.com\/index.php\/wp-json\/wp\/v2\/product_tag?post=4032"}],"curies":[{"name":"wp","href":"https:\/\/api.w.org\/{rel}","templated":true}]}}