{"id":4024,"date":"2024-12-26T12:48:37","date_gmt":"2024-12-26T12:48:37","guid":{"rendered":"https:\/\/distritopo.com\/?post_type=product&#038;p=4024"},"modified":"2025-04-21T13:17:40","modified_gmt":"2025-04-21T13:17:40","slug":"andador-2-en-1-beach-patrol-rondi","status":"publish","type":"product","link":"https:\/\/distritopo.com\/index.php\/producto\/andador-2-en-1-beach-patrol-rondi\/","title":{"rendered":"Andador 2 en 1 \u00abBeach Patrol\u00bb &#8211; RONDI"},"content":{"rendered":"<p>Cuenta con bocina, llave, mordillo, portaobjetos, barra de arrastre, apoyapi\u00e9s y aro de seguridad extra\u00edble. Posee antivuelco delante y detr\u00e1s.<\/p>\n<p><strong>Edad recomendada: A partir de 10 meses<\/strong><\/p>\n","protected":false},"excerpt":{"rendered":"<p><em>Precio con IVA incluido<\/em><\/p>\n","protected":false},"featured_media":4025,"template":"","meta":{"_monsterinsights_skip_tracking":false,"_monsterinsights_sitenote_active":false,"_monsterinsights_sitenote_note":"","_monsterinsights_sitenote_category":0},"product_brand":[],"product_cat":[1654,18,22],"product_tag":[845,41,846,43],"class_list":{"0":"post-4024","1":"product","2":"type-product","3":"status-publish","4":"has-post-thumbnail","6":"product_cat-andador","7":"product_cat-jugueteria","8":"product_cat-rodados","9":"product_tag-2-en-1","10":"product_tag-andador","11":"product_tag-beach-patrol","12":"product_tag-rondi","14":"first","15":"outofstock","16":"shipping-taxable","17":"purchasable","18":"product-type-simple"},"aioseo_notices":[],"_links":{"self":[{"href":"https:\/\/distritopo.com\/index.php\/wp-json\/wp\/v2\/product\/4024","targetHints":{"allow":["GET"]}}],"collection":[{"href":"https:\/\/distritopo.com\/index.php\/wp-json\/wp\/v2\/product"}],"about":[{"href":"https:\/\/distritopo.com\/index.php\/wp-json\/wp\/v2\/types\/product"}],"wp:featuredmedia":[{"embeddable":true,"href":"https:\/\/distritopo.com\/index.php\/wp-json\/wp\/v2\/media\/4025"}],"wp:attachment":[{"href":"https:\/\/distritopo.com\/index.php\/wp-json\/wp\/v2\/media?parent=4024"}],"wp:term":[{"taxonomy":"product_brand","embeddable":true,"href":"https:\/\/distritopo.com\/index.php\/wp-json\/wp\/v2\/product_brand?post=4024"},{"taxonomy":"product_cat","embeddable":true,"href":"https:\/\/distritopo.com\/index.php\/wp-json\/wp\/v2\/product_cat?post=4024"},{"taxonomy":"product_tag","embeddable":true,"href":"https:\/\/distritopo.com\/index.php\/wp-json\/wp\/v2\/product_tag?post=4024"}],"curies":[{"name":"wp","href":"https:\/\/api.w.org\/{rel}","templated":true}]}}