{"id":4020,"date":"2024-12-26T12:43:00","date_gmt":"2024-12-26T12:43:00","guid":{"rendered":"https:\/\/distritopo.com\/?post_type=product&#038;p=4020"},"modified":"2025-04-21T13:17:40","modified_gmt":"2025-04-21T13:17:40","slug":"andador-buggy-rosa-para-bebes-rondi","status":"publish","type":"product","link":"https:\/\/distritopo.com\/index.php\/producto\/andador-buggy-rosa-para-bebes-rondi\/","title":{"rendered":"Andador \u00abBuggy Rosa\u00bb para beb\u00e9s &#8211; RONDI"},"content":{"rendered":"<p>Posee barra de arrastre, apoyapi\u00e9s extra\u00edbles y portaobjetos delantero. Llave y bocina completan este simp\u00e1tico andador.<\/p>\n<p><strong>Edad recomendada: A partir de 6 meses<\/strong><\/p>\n","protected":false},"excerpt":{"rendered":"<p><em>Precio con IVA incluido<\/em><\/p>\n","protected":false},"featured_media":4021,"template":"","meta":{"_monsterinsights_skip_tracking":false,"_monsterinsights_sitenote_active":false,"_monsterinsights_sitenote_note":"","_monsterinsights_sitenote_category":0},"product_brand":[],"product_cat":[1654,18,22],"product_tag":[41,844,283,843,822,43,605],"class_list":{"0":"post-4020","1":"product","2":"type-product","3":"status-publish","4":"has-post-thumbnail","6":"product_cat-andador","7":"product_cat-jugueteria","8":"product_cat-rodados","9":"product_tag-andador","10":"product_tag-bebe","11":"product_tag-bebes","12":"product_tag-buggy","13":"product_tag-rodados","14":"product_tag-rondi","15":"product_tag-rosa","17":"first","18":"outofstock","19":"shipping-taxable","20":"purchasable","21":"product-type-simple"},"aioseo_notices":[],"_links":{"self":[{"href":"https:\/\/distritopo.com\/index.php\/wp-json\/wp\/v2\/product\/4020","targetHints":{"allow":["GET"]}}],"collection":[{"href":"https:\/\/distritopo.com\/index.php\/wp-json\/wp\/v2\/product"}],"about":[{"href":"https:\/\/distritopo.com\/index.php\/wp-json\/wp\/v2\/types\/product"}],"wp:featuredmedia":[{"embeddable":true,"href":"https:\/\/distritopo.com\/index.php\/wp-json\/wp\/v2\/media\/4021"}],"wp:attachment":[{"href":"https:\/\/distritopo.com\/index.php\/wp-json\/wp\/v2\/media?parent=4020"}],"wp:term":[{"taxonomy":"product_brand","embeddable":true,"href":"https:\/\/distritopo.com\/index.php\/wp-json\/wp\/v2\/product_brand?post=4020"},{"taxonomy":"product_cat","embeddable":true,"href":"https:\/\/distritopo.com\/index.php\/wp-json\/wp\/v2\/product_cat?post=4020"},{"taxonomy":"product_tag","embeddable":true,"href":"https:\/\/distritopo.com\/index.php\/wp-json\/wp\/v2\/product_tag?post=4020"}],"curies":[{"name":"wp","href":"https:\/\/api.w.org\/{rel}","templated":true}]}}