{"id":3329,"date":"2024-12-09T17:50:11","date_gmt":"2024-12-09T17:50:11","guid":{"rendered":"https:\/\/distritopo.com\/?post_type=product&#038;p=3329"},"modified":"2025-01-29T14:24:59","modified_gmt":"2025-01-29T14:24:59","slug":"cartuchera-spiderman-2-pisos-multiscope","status":"publish","type":"product","link":"https:\/\/distritopo.com\/index.php\/producto\/cartuchera-spiderman-2-pisos-multiscope\/","title":{"rendered":"Cartuchera 2 pisos \u00abSpiderman\u00bb tapa squishy &#8211; MULTISCOPE"},"content":{"rendered":"<ul>\n<li>\u00a1Este producto tiene la tapa entera squishy para divertirse!<\/li>\n<li>Material: squishy (frente) + poli\u00e9ster (lateral y dorso)<\/li>\n<li>Ribete: PU con glitter<\/li>\n<li>Formato m\u00e1s ancho, \u00fanico en el mercado, dise\u00f1ado especialmente para que el pegamento favorito de los chicos se pueda guardar sin necesidad de forzar su cierre<\/li>\n<li>2 compartimentos con cierre<\/li>\n<li>Nuevo interior reforzado en friselina para mayor durabilidad<\/li>\n<li>El\u00e1sticos interiores con costura reforzada y diferentes anchos para guardar todo tipo de \u00fatiles<\/li>\n<li>Tiracierre de goma<\/li>\n<\/ul>\n","protected":false},"excerpt":{"rendered":"<p><em>Precio con IVA incluido<\/em><\/p>\n","protected":false},"featured_media":6126,"template":"","meta":{"_monsterinsights_skip_tracking":false,"_monsterinsights_sitenote_active":false,"_monsterinsights_sitenote_note":"","_monsterinsights_sitenote_category":0},"product_brand":[],"product_cat":[586],"product_tag":[651,560,720,210],"class_list":{"0":"post-3329","1":"product","2":"type-product","3":"status-publish","4":"has-post-thumbnail","6":"product_cat-cartucheras","7":"product_tag-2-pisos","8":"product_tag-cartuchera","9":"product_tag-multiscope","10":"product_tag-spiderman","12":"first","13":"instock","14":"shipping-taxable","15":"purchasable","16":"product-type-simple"},"aioseo_notices":[],"_links":{"self":[{"href":"https:\/\/distritopo.com\/index.php\/wp-json\/wp\/v2\/product\/3329","targetHints":{"allow":["GET"]}}],"collection":[{"href":"https:\/\/distritopo.com\/index.php\/wp-json\/wp\/v2\/product"}],"about":[{"href":"https:\/\/distritopo.com\/index.php\/wp-json\/wp\/v2\/types\/product"}],"wp:featuredmedia":[{"embeddable":true,"href":"https:\/\/distritopo.com\/index.php\/wp-json\/wp\/v2\/media\/6126"}],"wp:attachment":[{"href":"https:\/\/distritopo.com\/index.php\/wp-json\/wp\/v2\/media?parent=3329"}],"wp:term":[{"taxonomy":"product_brand","embeddable":true,"href":"https:\/\/distritopo.com\/index.php\/wp-json\/wp\/v2\/product_brand?post=3329"},{"taxonomy":"product_cat","embeddable":true,"href":"https:\/\/distritopo.com\/index.php\/wp-json\/wp\/v2\/product_cat?post=3329"},{"taxonomy":"product_tag","embeddable":true,"href":"https:\/\/distritopo.com\/index.php\/wp-json\/wp\/v2\/product_tag?post=3329"}],"curies":[{"name":"wp","href":"https:\/\/api.w.org\/{rel}","templated":true}]}}