{"id":1963,"date":"2022-05-05T17:37:25","date_gmt":"2022-05-05T17:37:25","guid":{"rendered":"https:\/\/distritopo.com\/?post_type=product&#038;p=1963"},"modified":"2025-04-17T18:13:23","modified_gmt":"2025-04-17T18:13:23","slug":"masas-panzotas-727","status":"publish","type":"product","link":"https:\/\/distritopo.com\/index.php\/producto\/masas-panzotas-727\/","title":{"rendered":"Masas Panzotas Kids #727"},"content":{"rendered":"<p>C\u00f3digo: 727<br \/>\nCategor\u00eda: Masas<\/p>\n<p>CONTENIDO:<br \/>\n-3 Potes de MASAS para moldear, en distintos colores.<br \/>\nMedidas de cada Pote: Di\u00e1metro: 5 cent\u00edmetros. Altura: 5 cent\u00edmetros.<br \/>\n-3 MODELOS troquelados en cart\u00f3n, para formar los mu\u00f1ecos y darle vida a tus personajes.<br \/>\n-3 ACCESORIOS HERRAMIENTAS: Cuchar\u00f3n, Cortante, Ruedita.<\/p>\n<p>Presentaci\u00f3n: En CAJA de cart\u00f3n duro con dibujos.<br \/>\nMedidas de la Caja:<br \/>\n-Altura: 20 cm.<br \/>\n-Ancho: 17 cm.<br \/>\n-Profundidad: 5,5 cm.<\/p>\n<p>Excelente calidad.<br \/>\nArt\u00edculo NO t\u00f3xico.<\/p>\n","protected":false},"excerpt":{"rendered":"<p>C\u00f3digo: 727 Categor\u00eda: Masas CONTENIDO: -3 Potes de MASAS para moldear, en distintos colores. Medidas de cada Pote: Di\u00e1metro: 5&#8230;<\/p>\n","protected":false},"featured_media":1964,"template":"","meta":{"_monsterinsights_skip_tracking":false,"_monsterinsights_sitenote_active":false,"_monsterinsights_sitenote_note":"","_monsterinsights_sitenote_category":0},"product_brand":[],"product_cat":[18,540],"product_tag":[380,25,349,348],"class_list":{"0":"post-1963","1":"product","2":"type-product","3":"status-publish","4":"has-post-thumbnail","6":"product_cat-jugueteria","7":"product_cat-masas","8":"product_tag-380","9":"product_tag-duravit","10":"product_tag-masa","11":"product_tag-masas","13":"first","14":"outofstock","15":"shipping-taxable","16":"product-type-simple"},"aioseo_notices":[],"_links":{"self":[{"href":"https:\/\/distritopo.com\/index.php\/wp-json\/wp\/v2\/product\/1963","targetHints":{"allow":["GET"]}}],"collection":[{"href":"https:\/\/distritopo.com\/index.php\/wp-json\/wp\/v2\/product"}],"about":[{"href":"https:\/\/distritopo.com\/index.php\/wp-json\/wp\/v2\/types\/product"}],"wp:featuredmedia":[{"embeddable":true,"href":"https:\/\/distritopo.com\/index.php\/wp-json\/wp\/v2\/media\/1964"}],"wp:attachment":[{"href":"https:\/\/distritopo.com\/index.php\/wp-json\/wp\/v2\/media?parent=1963"}],"wp:term":[{"taxonomy":"product_brand","embeddable":true,"href":"https:\/\/distritopo.com\/index.php\/wp-json\/wp\/v2\/product_brand?post=1963"},{"taxonomy":"product_cat","embeddable":true,"href":"https:\/\/distritopo.com\/index.php\/wp-json\/wp\/v2\/product_cat?post=1963"},{"taxonomy":"product_tag","embeddable":true,"href":"https:\/\/distritopo.com\/index.php\/wp-json\/wp\/v2\/product_tag?post=1963"}],"curies":[{"name":"wp","href":"https:\/\/api.w.org\/{rel}","templated":true}]}}