{"id":1944,"date":"2022-05-05T17:12:39","date_gmt":"2022-05-05T17:12:39","guid":{"rendered":"https:\/\/distritopo.com\/?post_type=product&#038;p=1944"},"modified":"2025-12-26T12:59:49","modified_gmt":"2025-12-26T12:59:49","slug":"duramasa-monstruos-duravit-717","status":"publish","type":"product","link":"https:\/\/distritopo.com\/index.php\/producto\/duramasa-monstruos-duravit-717\/","title":{"rendered":"Duramasa Monstruos Duravit 717"},"content":{"rendered":"<p>C\u00f3digo: 717<br \/>\nCategor\u00eda: Masas<\/p>\n<p>Ten\u00e9 tu propia fabrica de Monstruos!<\/p>\n<p>INCLUYE:<br \/>\n&#8211; 4 potes de masa<br \/>\n&#8211; 1 extrusor con planchitas<br \/>\n&#8211; 1 extrusor manual<br \/>\n&#8211; Palo de amasar<br \/>\n&#8211; 3 utensilios<\/p>\n<p>PRODUCTO NO TOXICO<\/p>\n","protected":false},"excerpt":{"rendered":"<p>C\u00f3digo: 717 Categor\u00eda: Masas Ten\u00e9 tu propia fabrica de Monstruos! INCLUYE: &#8211; 4 potes de masa &#8211; 1 extrusor con&#8230;<\/p>\n","protected":false},"featured_media":1945,"template":"","meta":{"_monsterinsights_skip_tracking":false,"_monsterinsights_sitenote_active":false,"_monsterinsights_sitenote_note":"","_monsterinsights_sitenote_category":0},"product_brand":[],"product_cat":[18,540],"product_tag":[363,368,25,349,348,364],"class_list":{"0":"post-1944","1":"product","2":"type-product","3":"status-publish","4":"has-post-thumbnail","6":"product_cat-jugueteria","7":"product_cat-masas","8":"product_tag-363","9":"product_tag-duramasa","10":"product_tag-duravit","11":"product_tag-masa","12":"product_tag-masas","13":"product_tag-monstruos","15":"first","16":"instock","17":"shipping-taxable","18":"product-type-simple"},"aioseo_notices":[],"_links":{"self":[{"href":"https:\/\/distritopo.com\/index.php\/wp-json\/wp\/v2\/product\/1944","targetHints":{"allow":["GET"]}}],"collection":[{"href":"https:\/\/distritopo.com\/index.php\/wp-json\/wp\/v2\/product"}],"about":[{"href":"https:\/\/distritopo.com\/index.php\/wp-json\/wp\/v2\/types\/product"}],"wp:featuredmedia":[{"embeddable":true,"href":"https:\/\/distritopo.com\/index.php\/wp-json\/wp\/v2\/media\/1945"}],"wp:attachment":[{"href":"https:\/\/distritopo.com\/index.php\/wp-json\/wp\/v2\/media?parent=1944"}],"wp:term":[{"taxonomy":"product_brand","embeddable":true,"href":"https:\/\/distritopo.com\/index.php\/wp-json\/wp\/v2\/product_brand?post=1944"},{"taxonomy":"product_cat","embeddable":true,"href":"https:\/\/distritopo.com\/index.php\/wp-json\/wp\/v2\/product_cat?post=1944"},{"taxonomy":"product_tag","embeddable":true,"href":"https:\/\/distritopo.com\/index.php\/wp-json\/wp\/v2\/product_tag?post=1944"}],"curies":[{"name":"wp","href":"https:\/\/api.w.org\/{rel}","templated":true}]}}