{"id":1940,"date":"2022-05-05T17:08:45","date_gmt":"2022-05-05T17:08:45","guid":{"rendered":"https:\/\/distritopo.com\/?post_type=product&#038;p=1940"},"modified":"2025-08-04T17:08:28","modified_gmt":"2025-08-04T17:08:28","slug":"masas-burger-kit-duravit-715","status":"publish","type":"product","link":"https:\/\/distritopo.com\/index.php\/producto\/masas-burger-kit-duravit-715\/","title":{"rendered":"Masas Burger Kit Duravit 715"},"content":{"rendered":"<p>C\u00f3digo: 715<br \/>\nCategor\u00eda: Masas<\/p>\n<p>Burguer Kit Dura masa Duravit<\/p>\n<p>Caracter\u00edsticas:<br \/>\n&#8211; Duramasa Burguer Duravit.<br \/>\n&#8211; 4 Potes Multicolores.<br \/>\n&#8211; NO Toxico.<br \/>\n&#8211; Recomendable para ni\u00f1os de 3 A\u00f1os en adelante.<br \/>\n&#8211; Extrusor Manual.<br \/>\n&#8211; 3 Utensillos.<br \/>\n&#8211; Palo de Amasar.<br \/>\n&#8211; Cajitas de Carton.<br \/>\n&#8211; 2 MOLDES PARA HACER LA LECHUGA, TOMATE, HAMBURGUESAS, LOS PEPINILLOS Y MAS<\/p>\n","protected":false},"excerpt":{"rendered":"<p>C\u00f3digo: 715 Categor\u00eda: Masas Burguer Kit Dura masa Duravit Caracter\u00edsticas: &#8211; Duramasa Burguer Duravit. &#8211; 4 Potes Multicolores. &#8211; NO&#8230;<\/p>\n","protected":false},"featured_media":1941,"template":"","meta":{"_monsterinsights_skip_tracking":false,"_monsterinsights_sitenote_active":false,"_monsterinsights_sitenote_note":"","_monsterinsights_sitenote_category":0},"product_brand":[],"product_cat":[18,540],"product_tag":[360,25,361,349,348],"class_list":{"0":"post-1940","1":"product","2":"type-product","3":"status-publish","4":"has-post-thumbnail","6":"product_cat-jugueteria","7":"product_cat-masas","8":"product_tag-360","9":"product_tag-duravit","10":"product_tag-kit","11":"product_tag-masa","12":"product_tag-masas","14":"first","15":"outofstock","16":"shipping-taxable","17":"purchasable","18":"product-type-simple"},"aioseo_notices":[],"_links":{"self":[{"href":"https:\/\/distritopo.com\/index.php\/wp-json\/wp\/v2\/product\/1940","targetHints":{"allow":["GET"]}}],"collection":[{"href":"https:\/\/distritopo.com\/index.php\/wp-json\/wp\/v2\/product"}],"about":[{"href":"https:\/\/distritopo.com\/index.php\/wp-json\/wp\/v2\/types\/product"}],"wp:featuredmedia":[{"embeddable":true,"href":"https:\/\/distritopo.com\/index.php\/wp-json\/wp\/v2\/media\/1941"}],"wp:attachment":[{"href":"https:\/\/distritopo.com\/index.php\/wp-json\/wp\/v2\/media?parent=1940"}],"wp:term":[{"taxonomy":"product_brand","embeddable":true,"href":"https:\/\/distritopo.com\/index.php\/wp-json\/wp\/v2\/product_brand?post=1940"},{"taxonomy":"product_cat","embeddable":true,"href":"https:\/\/distritopo.com\/index.php\/wp-json\/wp\/v2\/product_cat?post=1940"},{"taxonomy":"product_tag","embeddable":true,"href":"https:\/\/distritopo.com\/index.php\/wp-json\/wp\/v2\/product_tag?post=1940"}],"curies":[{"name":"wp","href":"https:\/\/api.w.org\/{rel}","templated":true}]}}