{"id":1936,"date":"2022-05-05T17:02:37","date_gmt":"2022-05-05T17:02:37","guid":{"rendered":"https:\/\/distritopo.com\/?post_type=product&#038;p=1936"},"modified":"2025-12-26T13:27:13","modified_gmt":"2025-12-26T13:27:13","slug":"duramasa-duravit-709","status":"publish","type":"product","link":"https:\/\/distritopo.com\/index.php\/producto\/duramasa-duravit-709\/","title":{"rendered":"Duramasa Duravit 709"},"content":{"rendered":"<p>C\u00f3digo: 709<br \/>\nCategor\u00eda: Masas<\/p>\n<p>Producto NO t\u00f3xico.<br \/>\nMasa para moldear, en Frasco, en distintos colores.<\/p>\n<p>CONTENIDO:<br \/>\n10 POTES de MASA, de distintos colores.<br \/>\nMedidas del Pote: Di\u00e1metro: 5 cent\u00edmetros. Altura: 5 cent\u00edmetros.<\/p>\n<p>Presentaci\u00f3n: En CAJA de cart\u00f3n duro, con dibujos.<br \/>\nMedidas: Largo: 24 cent\u00edmetros. Ancho: 20 cent\u00edmetros. Alto: 5 cent\u00edmetros.<\/p>\n","protected":false},"excerpt":{"rendered":"<p><strong>Caja con 10 potes<\/strong><\/p>\n","protected":false},"featured_media":1937,"template":"","meta":{"_monsterinsights_skip_tracking":false,"_monsterinsights_sitenote_active":false,"_monsterinsights_sitenote_note":"","_monsterinsights_sitenote_category":0},"product_brand":[],"product_cat":[18,540],"product_tag":[357,356,368,25,349,348,351],"class_list":{"0":"post-1936","1":"product","2":"type-product","3":"status-publish","4":"has-post-thumbnail","6":"product_cat-jugueteria","7":"product_cat-masas","8":"product_tag-357","9":"product_tag-caja","10":"product_tag-duramasa","11":"product_tag-duravit","12":"product_tag-masa","13":"product_tag-masas","14":"product_tag-pote","16":"first","17":"instock","18":"shipping-taxable","19":"product-type-simple"},"aioseo_notices":[],"_links":{"self":[{"href":"https:\/\/distritopo.com\/index.php\/wp-json\/wp\/v2\/product\/1936","targetHints":{"allow":["GET"]}}],"collection":[{"href":"https:\/\/distritopo.com\/index.php\/wp-json\/wp\/v2\/product"}],"about":[{"href":"https:\/\/distritopo.com\/index.php\/wp-json\/wp\/v2\/types\/product"}],"wp:featuredmedia":[{"embeddable":true,"href":"https:\/\/distritopo.com\/index.php\/wp-json\/wp\/v2\/media\/1937"}],"wp:attachment":[{"href":"https:\/\/distritopo.com\/index.php\/wp-json\/wp\/v2\/media?parent=1936"}],"wp:term":[{"taxonomy":"product_brand","embeddable":true,"href":"https:\/\/distritopo.com\/index.php\/wp-json\/wp\/v2\/product_brand?post=1936"},{"taxonomy":"product_cat","embeddable":true,"href":"https:\/\/distritopo.com\/index.php\/wp-json\/wp\/v2\/product_cat?post=1936"},{"taxonomy":"product_tag","embeddable":true,"href":"https:\/\/distritopo.com\/index.php\/wp-json\/wp\/v2\/product_tag?post=1936"}],"curies":[{"name":"wp","href":"https:\/\/api.w.org\/{rel}","templated":true}]}}