{"id":13004,"date":"2026-03-17T18:20:16","date_gmt":"2026-03-17T18:20:16","guid":{"rendered":"https:\/\/distritopo.com\/?post_type=product&#038;p=13004"},"modified":"2026-03-17T19:27:32","modified_gmt":"2026-03-17T19:27:32","slug":"compas-plastico-con-lapiz-pizzini","status":"publish","type":"product","link":"https:\/\/distritopo.com\/index.php\/producto\/compas-plastico-con-lapiz-pizzini\/","title":{"rendered":"Comp\u00e1s Pl\u00e1stico con l\u00e1piz Pizzini"},"content":{"rendered":"","protected":false},"excerpt":{"rendered":"","protected":false},"featured_media":13005,"template":"","meta":{"_monsterinsights_skip_tracking":false,"_monsterinsights_sitenote_active":false,"_monsterinsights_sitenote_note":"","_monsterinsights_sitenote_category":0},"product_brand":[],"product_cat":[19],"product_tag":[1691,2228,1413,202],"class_list":{"0":"post-13004","1":"product","2":"type-product","3":"status-publish","4":"has-post-thumbnail","6":"product_cat-libreria","7":"product_tag-compas","8":"product_tag-compas-con-lapiz","9":"product_tag-pizzini","10":"product_tag-plastico","12":"first","13":"instock","14":"shipping-taxable","15":"purchasable","16":"product-type-simple"},"aioseo_notices":[],"_links":{"self":[{"href":"https:\/\/distritopo.com\/index.php\/wp-json\/wp\/v2\/product\/13004","targetHints":{"allow":["GET"]}}],"collection":[{"href":"https:\/\/distritopo.com\/index.php\/wp-json\/wp\/v2\/product"}],"about":[{"href":"https:\/\/distritopo.com\/index.php\/wp-json\/wp\/v2\/types\/product"}],"wp:featuredmedia":[{"embeddable":true,"href":"https:\/\/distritopo.com\/index.php\/wp-json\/wp\/v2\/media\/13005"}],"wp:attachment":[{"href":"https:\/\/distritopo.com\/index.php\/wp-json\/wp\/v2\/media?parent=13004"}],"wp:term":[{"taxonomy":"product_brand","embeddable":true,"href":"https:\/\/distritopo.com\/index.php\/wp-json\/wp\/v2\/product_brand?post=13004"},{"taxonomy":"product_cat","embeddable":true,"href":"https:\/\/distritopo.com\/index.php\/wp-json\/wp\/v2\/product_cat?post=13004"},{"taxonomy":"product_tag","embeddable":true,"href":"https:\/\/distritopo.com\/index.php\/wp-json\/wp\/v2\/product_tag?post=13004"}],"curies":[{"name":"wp","href":"https:\/\/api.w.org\/{rel}","templated":true}]}}