{"id":11866,"date":"2025-12-30T13:19:38","date_gmt":"2025-12-30T13:19:38","guid":{"rendered":"https:\/\/distritopo.com\/?post_type=product&#038;p=11866"},"modified":"2026-01-26T14:52:33","modified_gmt":"2026-01-26T14:52:33","slug":"vaso-termico-xl-cat-chimola","status":"publish","type":"product","link":"https:\/\/distritopo.com\/index.php\/producto\/vaso-termico-xl-cat-chimola\/","title":{"rendered":"Vaso T\u00e9rmico XL \u00abChita\u00bb-CHIMOLA"},"content":{"rendered":"<p>550 ML<\/p>\n<p>Material: Acero y tapa de pl\u00e1stico libre de BPA -Pico r\u00edgido retr\u00e1ctil con cubierta transparente -Tapa a rosca con traba lateral de seguridad -Anillo interno de silicona: cierre herm\u00e9tico -Gancho flexible integrado para sujetar a mochilas No apto para microondas ni lavavajillas<\/p>\n","protected":false},"excerpt":{"rendered":"<p>550 ML Material: Acero y tapa de pl\u00e1stico libre de BPA -Pico r\u00edgido retr\u00e1ctil con cubierta transparente -Tapa a rosca&#8230;<\/p>\n","protected":false},"featured_media":12036,"template":"","meta":{"_monsterinsights_skip_tracking":false,"_monsterinsights_sitenote_active":false,"_monsterinsights_sitenote_note":"","_monsterinsights_sitenote_category":0},"product_brand":[],"product_cat":[2151],"product_tag":[2002,2198,1821,2157,2158],"class_list":{"0":"post-11866","1":"product","2":"type-product","3":"status-publish","4":"has-post-thumbnail","6":"product_cat-chimola","7":"product_tag-chita","8":"product_tag-mochilas","9":"product_tag-vaso","10":"product_tag-vaso-termico","11":"product_tag-xl","13":"first","14":"instock","15":"shipping-taxable","16":"purchasable","17":"product-type-simple"},"aioseo_notices":[],"_links":{"self":[{"href":"https:\/\/distritopo.com\/index.php\/wp-json\/wp\/v2\/product\/11866","targetHints":{"allow":["GET"]}}],"collection":[{"href":"https:\/\/distritopo.com\/index.php\/wp-json\/wp\/v2\/product"}],"about":[{"href":"https:\/\/distritopo.com\/index.php\/wp-json\/wp\/v2\/types\/product"}],"wp:featuredmedia":[{"embeddable":true,"href":"https:\/\/distritopo.com\/index.php\/wp-json\/wp\/v2\/media\/12036"}],"wp:attachment":[{"href":"https:\/\/distritopo.com\/index.php\/wp-json\/wp\/v2\/media?parent=11866"}],"wp:term":[{"taxonomy":"product_brand","embeddable":true,"href":"https:\/\/distritopo.com\/index.php\/wp-json\/wp\/v2\/product_brand?post=11866"},{"taxonomy":"product_cat","embeddable":true,"href":"https:\/\/distritopo.com\/index.php\/wp-json\/wp\/v2\/product_cat?post=11866"},{"taxonomy":"product_tag","embeddable":true,"href":"https:\/\/distritopo.com\/index.php\/wp-json\/wp\/v2\/product_tag?post=11866"}],"curies":[{"name":"wp","href":"https:\/\/api.w.org\/{rel}","templated":true}]}}