{"id":11402,"date":"2025-12-10T17:20:59","date_gmt":"2025-12-10T17:20:59","guid":{"rendered":"https:\/\/distritopo.com\/?post_type=product&#038;p=11402"},"modified":"2025-12-10T17:21:30","modified_gmt":"2025-12-10T17:21:30","slug":"monopatin-street-sebigus","status":"publish","type":"product","link":"https:\/\/distritopo.com\/index.php\/producto\/monopatin-street-sebigus\/","title":{"rendered":"Monopatin \u00abStreet\u00bb-Sebigus"},"content":{"rendered":"<p>Monopat\u00edn Go Speed Street<\/p>\n<p>Caracter\u00edsticas: 76 x 30 x 15,5 cm<br \/>\n&#8211; Desplegable<br \/>\n&#8211; Pu\u00f1os Antideslizantes<br \/>\n&#8211; Freno Posterior<br \/>\n&#8211; Pata de Apoyo<br \/>\n&#8211; El material de la tabla es lija<br \/>\n&#8211; Incluye llave allen y manual de instrucciones para desplegar el monopat\u00edn<\/p>\n","protected":false},"excerpt":{"rendered":"<p>Monopat\u00edn Go Speed Street Caracter\u00edsticas: 76 x 30 x 15,5 cm &#8211; Desplegable &#8211; Pu\u00f1os Antideslizantes &#8211; Freno Posterior &#8211;&#8230;<\/p>\n","protected":false},"featured_media":11404,"template":"","meta":{"_monsterinsights_skip_tracking":false,"_monsterinsights_sitenote_active":false,"_monsterinsights_sitenote_note":"","_monsterinsights_sitenote_category":0},"product_brand":[],"product_cat":[1592],"product_tag":[1614,831,1767,2052],"class_list":{"0":"post-11402","1":"product","2":"type-product","3":"status-publish","4":"has-post-thumbnail","6":"product_cat-monopatin","7":"product_tag-go-speed","8":"product_tag-monopatin","9":"product_tag-sebigus","10":"product_tag-street","12":"first","13":"instock","14":"shipping-taxable","15":"product-type-simple"},"aioseo_notices":[],"_links":{"self":[{"href":"https:\/\/distritopo.com\/index.php\/wp-json\/wp\/v2\/product\/11402","targetHints":{"allow":["GET"]}}],"collection":[{"href":"https:\/\/distritopo.com\/index.php\/wp-json\/wp\/v2\/product"}],"about":[{"href":"https:\/\/distritopo.com\/index.php\/wp-json\/wp\/v2\/types\/product"}],"wp:featuredmedia":[{"embeddable":true,"href":"https:\/\/distritopo.com\/index.php\/wp-json\/wp\/v2\/media\/11404"}],"wp:attachment":[{"href":"https:\/\/distritopo.com\/index.php\/wp-json\/wp\/v2\/media?parent=11402"}],"wp:term":[{"taxonomy":"product_brand","embeddable":true,"href":"https:\/\/distritopo.com\/index.php\/wp-json\/wp\/v2\/product_brand?post=11402"},{"taxonomy":"product_cat","embeddable":true,"href":"https:\/\/distritopo.com\/index.php\/wp-json\/wp\/v2\/product_cat?post=11402"},{"taxonomy":"product_tag","embeddable":true,"href":"https:\/\/distritopo.com\/index.php\/wp-json\/wp\/v2\/product_tag?post=11402"}],"curies":[{"name":"wp","href":"https:\/\/api.w.org\/{rel}","templated":true}]}}