{"id":11276,"date":"2025-12-02T13:42:16","date_gmt":"2025-12-02T13:42:16","guid":{"rendered":"https:\/\/distritopo.com\/?post_type=product&#038;p=11276"},"modified":"2025-12-02T13:42:16","modified_gmt":"2025-12-02T13:42:16","slug":"calendario-de-adviento-filgo","status":"publish","type":"product","link":"https:\/\/distritopo.com\/index.php\/producto\/calendario-de-adviento-filgo\/","title":{"rendered":"Calendario de Adviento-FILGO"},"content":{"rendered":"<ul>\n<li>Medidas: 37 cm x 63 cm x 2,5 cm<\/li>\n<li>Calendario de adviento de 7 d\u00edas con sorpresas creativas<\/li>\n<li>Cada d\u00eda es una sorpresa creativa. Abr\u00ed, escane\u00e1 el QR del d\u00eda y cre\u00e1 con un tutorial exclusivo.<\/li>\n<li>Contiene 9 productos de escritura, coloreo y accesorios, m\u00e1s materiales complementarios para intervenir.<\/li>\n<\/ul>\n","protected":false},"excerpt":{"rendered":"<p>Medidas: 37 cm x 63 cm x 2,5 cm Calendario de adviento de 7 d\u00edas con sorpresas creativas Cada d\u00eda&#8230;<\/p>\n","protected":false},"featured_media":11277,"template":"","meta":{"_monsterinsights_skip_tracking":false,"_monsterinsights_sitenote_active":false,"_monsterinsights_sitenote_note":"","_monsterinsights_sitenote_category":0},"product_brand":[],"product_cat":[19],"product_tag":[2013,2012,192,2015,2014],"class_list":{"0":"post-11276","1":"product","2":"type-product","3":"status-publish","4":"has-post-thumbnail","6":"product_cat-libreria","7":"product_tag-adviento","8":"product_tag-calendario","9":"product_tag-filgo","10":"product_tag-regalo","11":"product_tag-sorpresa","13":"first","14":"instock","15":"shipping-taxable","16":"purchasable","17":"product-type-simple"},"aioseo_notices":[],"_links":{"self":[{"href":"https:\/\/distritopo.com\/index.php\/wp-json\/wp\/v2\/product\/11276","targetHints":{"allow":["GET"]}}],"collection":[{"href":"https:\/\/distritopo.com\/index.php\/wp-json\/wp\/v2\/product"}],"about":[{"href":"https:\/\/distritopo.com\/index.php\/wp-json\/wp\/v2\/types\/product"}],"wp:featuredmedia":[{"embeddable":true,"href":"https:\/\/distritopo.com\/index.php\/wp-json\/wp\/v2\/media\/11277"}],"wp:attachment":[{"href":"https:\/\/distritopo.com\/index.php\/wp-json\/wp\/v2\/media?parent=11276"}],"wp:term":[{"taxonomy":"product_brand","embeddable":true,"href":"https:\/\/distritopo.com\/index.php\/wp-json\/wp\/v2\/product_brand?post=11276"},{"taxonomy":"product_cat","embeddable":true,"href":"https:\/\/distritopo.com\/index.php\/wp-json\/wp\/v2\/product_cat?post=11276"},{"taxonomy":"product_tag","embeddable":true,"href":"https:\/\/distritopo.com\/index.php\/wp-json\/wp\/v2\/product_tag?post=11276"}],"curies":[{"name":"wp","href":"https:\/\/api.w.org\/{rel}","templated":true}]}}