{"id":11163,"date":"2025-11-26T13:02:08","date_gmt":"2025-11-26T13:02:08","guid":{"rendered":"https:\/\/distritopo.com\/?post_type=product&#038;p=11163"},"modified":"2026-02-27T12:26:39","modified_gmt":"2026-02-27T12:26:39","slug":"mochila-poodle-espalda-14-chimola","status":"publish","type":"product","link":"https:\/\/distritopo.com\/index.php\/producto\/mochila-poodle-espalda-14-chimola\/","title":{"rendered":"Mochila \u00abPoodle\u00bb Espalda 12\u00bb-CHIMOLA"},"content":{"rendered":"<p>Su tama\u00f1o es ideal para los m\u00e1s peques: liviana, c\u00f3moda y perfecta para llevar todo lo esencial al jard\u00edn, salidas o la escuela. Tiene 2 compartimentos s\u00faper pr\u00e1cticos y un dise\u00f1o encantador con orejitas peluditas de poodle, detalles con glitter y tela impermeable para acompa\u00f1ar cada aventura. Adem\u00e1s, cuenta con un bolsillo lateral ajustable para la botella, pullers de goma con el personaje y un tag personalizado para completar el look con magia y organizaci\u00f3n.<\/p>\n<p>Medidas: 22,5&#215;30,5 cm; profundidad: 11,5 cm<\/p>\n","protected":false},"excerpt":{"rendered":"<p>Su tama\u00f1o es ideal para los m\u00e1s peques: liviana, c\u00f3moda y perfecta para llevar todo lo esencial al jard\u00edn, salidas&#8230;<\/p>\n","protected":false},"featured_media":11985,"template":"","meta":{"_monsterinsights_skip_tracking":false,"_monsterinsights_sitenote_active":false,"_monsterinsights_sitenote_note":"","_monsterinsights_sitenote_category":0},"product_brand":[],"product_cat":[585],"product_tag":[622,660,589,23,2198,2001],"class_list":{"0":"post-11163","1":"product","2":"type-product","3":"status-publish","4":"has-post-thumbnail","6":"product_cat-mochilas","7":"product_tag-622","8":"product_tag-chimola","9":"product_tag-espalda","10":"product_tag-mochila","11":"product_tag-mochilas","12":"product_tag-poodle","14":"first","15":"outofstock","16":"shipping-taxable","17":"purchasable","18":"product-type-simple"},"aioseo_notices":[],"_links":{"self":[{"href":"https:\/\/distritopo.com\/index.php\/wp-json\/wp\/v2\/product\/11163","targetHints":{"allow":["GET"]}}],"collection":[{"href":"https:\/\/distritopo.com\/index.php\/wp-json\/wp\/v2\/product"}],"about":[{"href":"https:\/\/distritopo.com\/index.php\/wp-json\/wp\/v2\/types\/product"}],"wp:featuredmedia":[{"embeddable":true,"href":"https:\/\/distritopo.com\/index.php\/wp-json\/wp\/v2\/media\/11985"}],"wp:attachment":[{"href":"https:\/\/distritopo.com\/index.php\/wp-json\/wp\/v2\/media?parent=11163"}],"wp:term":[{"taxonomy":"product_brand","embeddable":true,"href":"https:\/\/distritopo.com\/index.php\/wp-json\/wp\/v2\/product_brand?post=11163"},{"taxonomy":"product_cat","embeddable":true,"href":"https:\/\/distritopo.com\/index.php\/wp-json\/wp\/v2\/product_cat?post=11163"},{"taxonomy":"product_tag","embeddable":true,"href":"https:\/\/distritopo.com\/index.php\/wp-json\/wp\/v2\/product_tag?post=11163"}],"curies":[{"name":"wp","href":"https:\/\/api.w.org\/{rel}","templated":true}]}}