{"id":10567,"date":"2025-10-15T17:25:54","date_gmt":"2025-10-15T17:25:54","guid":{"rendered":"https:\/\/distritopo.com\/?post_type=product&#038;p=10567"},"modified":"2025-10-15T17:33:06","modified_gmt":"2025-10-15T17:33:06","slug":"agenda-indie-verde-dia-por-pagina-10x15cm-2026","status":"publish","type":"product","link":"https:\/\/distritopo.com\/index.php\/producto\/agenda-indie-verde-dia-por-pagina-10x15cm-2026\/","title":{"rendered":"Agenda Indie Verde D\u00eda por P\u00e1gina 10x15cm 2026"},"content":{"rendered":"<p>398 p\u00e1ginas<\/p>\n","protected":false},"excerpt":{"rendered":"<p>398 p\u00e1ginas<\/p>\n","protected":false},"featured_media":10568,"template":"","meta":{"_monsterinsights_skip_tracking":false,"_monsterinsights_sitenote_active":false,"_monsterinsights_sitenote_note":"","_monsterinsights_sitenote_category":0},"product_brand":[],"product_cat":[19],"product_tag":[1843,1806,1461,1918,84],"class_list":{"0":"post-10567","1":"product","2":"type-product","3":"status-publish","4":"has-post-thumbnail","6":"product_cat-libreria","7":"product_tag-1843","8":"product_tag-agenda","9":"product_tag-big-life","10":"product_tag-indie","11":"product_tag-verde","13":"first","14":"instock","15":"shipping-taxable","16":"purchasable","17":"product-type-simple"},"aioseo_notices":[],"_links":{"self":[{"href":"https:\/\/distritopo.com\/index.php\/wp-json\/wp\/v2\/product\/10567","targetHints":{"allow":["GET"]}}],"collection":[{"href":"https:\/\/distritopo.com\/index.php\/wp-json\/wp\/v2\/product"}],"about":[{"href":"https:\/\/distritopo.com\/index.php\/wp-json\/wp\/v2\/types\/product"}],"wp:featuredmedia":[{"embeddable":true,"href":"https:\/\/distritopo.com\/index.php\/wp-json\/wp\/v2\/media\/10568"}],"wp:attachment":[{"href":"https:\/\/distritopo.com\/index.php\/wp-json\/wp\/v2\/media?parent=10567"}],"wp:term":[{"taxonomy":"product_brand","embeddable":true,"href":"https:\/\/distritopo.com\/index.php\/wp-json\/wp\/v2\/product_brand?post=10567"},{"taxonomy":"product_cat","embeddable":true,"href":"https:\/\/distritopo.com\/index.php\/wp-json\/wp\/v2\/product_cat?post=10567"},{"taxonomy":"product_tag","embeddable":true,"href":"https:\/\/distritopo.com\/index.php\/wp-json\/wp\/v2\/product_tag?post=10567"}],"curies":[{"name":"wp","href":"https:\/\/api.w.org\/{rel}","templated":true}]}}